{"id":1081,"date":"2024-09-24T10:20:58","date_gmt":"2024-09-24T10:20:58","guid":{"rendered":"https:\/\/aceldepo.hu\/?page_id=1081"},"modified":"2024-10-04T14:45:09","modified_gmt":"2024-10-04T14:45:09","slug":"mi-az-a-modularis-cserepeslemez","status":"publish","type":"page","link":"https:\/\/aceldepo.hu\/index.php\/mi-az-a-modularis-cserepeslemez\/","title":{"rendered":"Mi az a modul\u00e1ris cserepeslemez?"},"content":{"rendered":"\t\t<div data-elementor-type=\"wp-page\" data-elementor-id=\"1081\" class=\"elementor elementor-1081\" data-elementor-post-type=\"page\">\n\t\t\t\t<div class=\"elementor-element elementor-element-8ec2fff e-con-full e-flex e-con e-parent\" data-id=\"8ec2fff\" data-element_type=\"container\" data-settings=\"{&quot;background_background&quot;:&quot;classic&quot;}\">\n\t\t<div class=\"elementor-element elementor-element-e6cb4c8 e-flex e-con-boxed e-con e-child\" data-id=\"e6cb4c8\" data-element_type=\"container\">\n\t\t\t\t\t<div class=\"e-con-inner\">\n\t\t\t\t<div class=\"elementor-element elementor-element-3a661fb elementor-widget elementor-widget-text-editor\" data-id=\"3a661fb\" data-element_type=\"widget\" data-widget_type=\"text-editor.default\">\n\t\t\t\t<div class=\"elementor-widget-container\">\n\t\t\t\t\t\t\t\t\t<h1><span style=\"color: #ffffff;\">Mi az a modul\u00e1ris cserepeslemez?<\/span><\/h1>\t\t\t\t\t\t\t\t<\/div>\n\t\t\t\t<\/div>\n\t\t\t\t\t<\/div>\n\t\t\t\t<\/div>\n\t\t\t\t<\/div>\n\t\t<div class=\"elementor-element elementor-element-7d322d3 e-flex e-con-boxed e-con e-parent\" data-id=\"7d322d3\" data-element_type=\"container\">\n\t\t\t\t\t<div class=\"e-con-inner\">\n\t\t<div class=\"elementor-element elementor-element-8affa48 e-grid e-con-full e-con e-child\" data-id=\"8affa48\" data-element_type=\"container\">\n\t\t\t\t<div class=\"elementor-element elementor-element-903ff70 elementor-widget elementor-widget-text-editor\" data-id=\"903ff70\" data-element_type=\"widget\" data-widget_type=\"text-editor.default\">\n\t\t\t\t<div class=\"elementor-widget-container\">\n\t\t\t\t\t\t\t\t\t<p style=\"text-align: left; font-size: 20px;\">Modul\u00e1ris cserepeslemez: A modern \u00e9s k\u00f6lts\u00e9ghat\u00e9kony tet\u0151fed\u00e9s<\/p>\t\t\t\t\t\t\t\t<\/div>\n\t\t\t\t<\/div>\n\t\t\t\t<\/div>\n\t\t<div class=\"elementor-element elementor-element-9a30299 e-flex e-con-boxed e-con e-child\" data-id=\"9a30299\" data-element_type=\"container\">\n\t\t\t\t\t<div class=\"e-con-inner\">\n\t\t\t\t<div class=\"elementor-element elementor-element-cc6e8c0 elementor-widget elementor-widget-text-editor\" data-id=\"cc6e8c0\" data-element_type=\"widget\" data-widget_type=\"text-editor.default\">\n\t\t\t\t<div class=\"elementor-widget-container\">\n\t\t\t\t\t\t\t\t\t<h3 style=\"font-size: 30px;\">A tet\u0151fed\u00e9s fontoss\u00e1ga<\/h3>\t\t\t\t\t\t\t\t<\/div>\n\t\t\t\t<\/div>\n\t\t<div class=\"elementor-element elementor-element-715ecda e-grid e-con-boxed e-con e-child\" data-id=\"715ecda\" data-element_type=\"container\">\n\t\t\t\t\t<div class=\"e-con-inner\">\n\t\t\t\t<div class=\"elementor-element elementor-element-6b1cbea elementor-widget elementor-widget-text-editor\" data-id=\"6b1cbea\" data-element_type=\"widget\" data-widget_type=\"text-editor.default\">\n\t\t\t\t<div class=\"elementor-widget-container\">\n\t\t\t\t\t\t\t\t\t<p style=\"text-align: left; font-size: 18px;\">A tet\u0151fed\u00e9s az \u00e9p\u00fclet v\u00e9delm\u00e9nek \u00e9s eszt\u00e9tik\u00e1j\u00e1nak kulcsfontoss\u00e1g\u00fa eleme. A hagyom\u00e1nyos cser\u00e9p ugyan id\u0151t\u00e1ll\u00f3 \u00e9s vonz\u00f3, de magas k\u00f6lts\u00e9gekkel j\u00e1rhat. A modul\u00e1ris cserepeslemezek megjelen\u00e9se azonban \u00faj lehet\u0151s\u00e9get k\u00edn\u00e1l a tet\u0151fed\u00e9s ter\u00e9n. Ez az ac\u00e9llemez alap\u00fa megold\u00e1s \u00f6tv\u00f6zi a hagyom\u00e1nyos cser\u00e9p megjelen\u00e9s\u00e9t \u00e9s funkcionalit\u00e1s\u00e1t a k\u00f6lts\u00e9ghat\u00e9konys\u00e1ggal.<\/p>\t\t\t\t\t\t\t\t<\/div>\n\t\t\t\t<\/div>\n\t\t\t\t<div class=\"elementor-element elementor-element-aae9c25 elementor-widget elementor-widget-image\" data-id=\"aae9c25\" data-element_type=\"widget\" data-widget_type=\"image.default\">\n\t\t\t\t<div class=\"elementor-widget-container\">\n\t\t\t\t\t\t\t\t\t\t\t\t\t\t\t<img fetchpriority=\"high\" decoding=\"async\" width=\"300\" height=\"167\" src=\"https:\/\/aceldepo.hu\/wp-content\/uploads\/xstore\/xstore-placeholder-180x100.png\" class=\"attachment-medium size-medium wp-image-1220 lazyload lazyload-simple et-lazyload-fadeIn\" alt=\"\" sizes=\"(max-width: 300px) 100vw, 300px\" data-src=\"https:\/\/aceldepo.hu\/wp-content\/uploads\/2024\/09\/mi-az-a-modularis-cserepeslemez-300x167.png\" data-srcset=\"https:\/\/aceldepo.hu\/wp-content\/uploads\/2024\/09\/mi-az-a-modularis-cserepeslemez-300x167.png 300w, https:\/\/aceldepo.hu\/wp-content\/uploads\/2024\/09\/mi-az-a-modularis-cserepeslemez-768x427.png 768w, https:\/\/aceldepo.hu\/wp-content\/uploads\/2024\/09\/mi-az-a-modularis-cserepeslemez-1x1.png 1w, https:\/\/aceldepo.hu\/wp-content\/uploads\/2024\/09\/mi-az-a-modularis-cserepeslemez-10x6.png 10w, https:\/\/aceldepo.hu\/wp-content\/uploads\/2024\/09\/mi-az-a-modularis-cserepeslemez.png 1024w\" \/>\t\t\t\t\t\t\t\t\t\t\t\t\t\t\t<\/div>\n\t\t\t\t<\/div>\n\t\t\t\t\t<\/div>\n\t\t\t\t<\/div>\n\t\t\t\t\t<\/div>\n\t\t\t\t<\/div>\n\t\t<div class=\"elementor-element elementor-element-68ea194 e-flex e-con-boxed e-con e-child\" data-id=\"68ea194\" data-element_type=\"container\">\n\t\t\t\t\t<div class=\"e-con-inner\">\n\t\t\t\t<div class=\"elementor-element elementor-element-402a6e2 elementor-widget elementor-widget-text-editor\" data-id=\"402a6e2\" data-element_type=\"widget\" data-widget_type=\"text-editor.default\">\n\t\t\t\t<div class=\"elementor-widget-container\">\n\t\t\t\t\t\t\t\t\t<h3 style=\"font-size: 30px;\">Mi a modul\u00e1ris cserepeslemez?<\/h3>\t\t\t\t\t\t\t\t<\/div>\n\t\t\t\t<\/div>\n\t\t<div class=\"elementor-element elementor-element-f33973b e-grid e-con-boxed e-con e-child\" data-id=\"f33973b\" data-element_type=\"container\">\n\t\t\t\t\t<div class=\"e-con-inner\">\n\t\t\t\t<div class=\"elementor-element elementor-element-b40a5bf elementor-widget elementor-widget-text-editor\" data-id=\"b40a5bf\" data-element_type=\"widget\" data-widget_type=\"text-editor.default\">\n\t\t\t\t<div class=\"elementor-widget-container\">\n\t\t\t\t\t\t\t\t\t<p style=\"text-align: left; font-size: 18px;\">A modul\u00e1ris cserepeslemez k\u00f6nny\u0171, m\u00e9gis tart\u00f3s anyagb\u00f3l k\u00e9sz\u00fclt tet\u0151fed\u0151 elem, amely kisebb darabokb\u00f3l \u00e1ll\u00edthat\u00f3 \u00f6ssze, szemben a hagyom\u00e1nyos cserepeslemezekkel. Ez a modul\u00e1ris kialak\u00edt\u00e1s lehet\u0151v\u00e9 teszi a hagyom\u00e1nyos cserepekhez hasonl\u00f3, rugalmasabb felhaszn\u00e1l\u00e1st.<\/p>\t\t\t\t\t\t\t\t<\/div>\n\t\t\t\t<\/div>\n\t\t\t\t\t<\/div>\n\t\t\t\t<\/div>\n\t\t\t\t\t<\/div>\n\t\t\t\t<\/div>\n\t\t<div class=\"elementor-element elementor-element-f353ca2 e-con-full e-flex e-con e-child\" data-id=\"f353ca2\" data-element_type=\"container\">\n\t\t\t\t<div class=\"elementor-element elementor-element-be2afdb elementor-widget elementor-widget-text-editor\" data-id=\"be2afdb\" data-element_type=\"widget\" data-widget_type=\"text-editor.default\">\n\t\t\t\t<div class=\"elementor-widget-container\">\n\t\t\t\t\t\t\t\t\t<h3 style=\"font-size: 30px;\">Mi\u00e9rt el\u0151ny\u00f6s a kisebb m\u00e9ret?<\/h3>\t\t\t\t\t\t\t\t<\/div>\n\t\t\t\t<\/div>\n\t\t\t\t<div class=\"elementor-element elementor-element-4d99310 elementor-widget__width-initial elementor-icon-list--layout-traditional elementor-list-item-link-full_width elementor-widget elementor-widget-icon-list\" data-id=\"4d99310\" data-element_type=\"widget\" data-widget_type=\"icon-list.default\">\n\t\t\t\t<div class=\"elementor-widget-container\">\n\t\t\t\t\t\t\t<ul class=\"elementor-icon-list-items\">\n\t\t\t\t\t\t\t<li class=\"elementor-icon-list-item\">\n\t\t\t\t\t\t\t\t\t\t\t<span class=\"elementor-icon-list-icon\">\n\t\t\t\t\t\t\t<svg aria-hidden=\"true\" class=\"e-font-icon-svg e-far-check-square\" viewBox=\"0 0 448 512\" xmlns=\"http:\/\/www.w3.org\/2000\/svg\"><path d=\"M400 32H48C21.49 32 0 53.49 0 80v352c0 26.51 21.49 48 48 48h352c26.51 0 48-21.49 48-48V80c0-26.51-21.49-48-48-48zm0 400H48V80h352v352zm-35.864-241.724L191.547 361.48c-4.705 4.667-12.303 4.637-16.97-.068l-90.781-91.516c-4.667-4.705-4.637-12.303.069-16.971l22.719-22.536c4.705-4.667 12.303-4.637 16.97.069l59.792 60.277 141.352-140.216c4.705-4.667 12.303-4.637 16.97.068l22.536 22.718c4.667 4.706 4.637 12.304-.068 16.971z\"><\/path><\/svg>\t\t\t\t\t\t<\/span>\n\t\t\t\t\t\t\t\t\t\t<span class=\"elementor-icon-list-text\"><strong>Bonyolult tet\u0151form\u00e1k: <\/strong>Bonyolult tet\u0151kn\u00e9l, ahol sok a ki\u00e1ll\u00f3 r\u00e9sz, ablakf\u00fclke vagy hajlat, a hagyom\u00e1nyos cserepeslemezek nagy t\u00e1bl\u00e1inak szab\u00e1sa neh\u00e9zkes \u00e9s sok hullad\u00e9kkal j\u00e1r. A modul\u00e1ris cserepeslemezek kisebb m\u00e9rete egyszer\u0171bb\u00e9 teszi a v\u00e1g\u00e1st \u00e9s az illeszt\u00e9st, minimaliz\u00e1lva a hullad\u00e9kot.<\/span>\n\t\t\t\t\t\t\t\t\t<\/li>\n\t\t\t\t\t\t\t\t<li class=\"elementor-icon-list-item\">\n\t\t\t\t\t\t\t\t\t\t\t<span class=\"elementor-icon-list-icon\">\n\t\t\t\t\t\t\t<svg aria-hidden=\"true\" class=\"e-font-icon-svg e-far-check-square\" viewBox=\"0 0 448 512\" xmlns=\"http:\/\/www.w3.org\/2000\/svg\"><path d=\"M400 32H48C21.49 32 0 53.49 0 80v352c0 26.51 21.49 48 48 48h352c26.51 0 48-21.49 48-48V80c0-26.51-21.49-48-48-48zm0 400H48V80h352v352zm-35.864-241.724L191.547 361.48c-4.705 4.667-12.303 4.637-16.97-.068l-90.781-91.516c-4.667-4.705-4.637-12.303.069-16.971l22.719-22.536c4.705-4.667 12.303-4.637 16.97.069l59.792 60.277 141.352-140.216c4.705-4.667 12.303-4.637 16.97.068l22.536 22.718c4.667 4.706 4.637 12.304-.068 16.971z\"><\/path><\/svg>\t\t\t\t\t\t<\/span>\n\t\t\t\t\t\t\t\t\t\t<span class=\"elementor-icon-list-text\"><strong>Egyszer\u0171 tet\u0151k:<\/strong> Egyszer\u0171 s\u00e1tortet\u0151kn\u00e9l a hagyom\u00e1nyos cserepeslemezek is megfelel\u0151ek lehetnek, de a modul\u00e1ris v\u00e1ltozatok k\u00f6nnyebb kezelhet\u0151s\u00e9ge \u00e9s gyorsabb telep\u00edt\u00e9se itt is el\u0151nyt jelenthet.<\/span>\n\t\t\t\t\t\t\t\t\t<\/li>\n\t\t\t\t\t\t<\/ul>\n\t\t\t\t\t\t<\/div>\n\t\t\t\t<\/div>\n\t\t\t\t<\/div>\n\t\t<div class=\"elementor-element elementor-element-55e2627 e-con-full e-flex e-con e-child\" data-id=\"55e2627\" data-element_type=\"container\">\n\t\t\t\t<div class=\"elementor-element elementor-element-085f4b3 elementor-widget elementor-widget-text-editor\" data-id=\"085f4b3\" data-element_type=\"widget\" data-widget_type=\"text-editor.default\">\n\t\t\t\t<div class=\"elementor-widget-container\">\n\t\t\t\t\t\t\t\t\t<h3 style=\"font-size: 30px;\">A modul\u00e1ris cserepeslemez tov\u00e1bbi el\u0151nyei:<\/h3>\t\t\t\t\t\t\t\t<\/div>\n\t\t\t\t<\/div>\n\t\t\t\t<div class=\"elementor-element elementor-element-8078e4b elementor-widget__width-initial elementor-icon-list--layout-traditional elementor-list-item-link-full_width elementor-widget elementor-widget-icon-list\" data-id=\"8078e4b\" data-element_type=\"widget\" data-widget_type=\"icon-list.default\">\n\t\t\t\t<div class=\"elementor-widget-container\">\n\t\t\t\t\t\t\t<ul class=\"elementor-icon-list-items\">\n\t\t\t\t\t\t\t<li class=\"elementor-icon-list-item\">\n\t\t\t\t\t\t\t\t\t\t\t<span class=\"elementor-icon-list-icon\">\n\t\t\t\t\t\t\t<svg aria-hidden=\"true\" class=\"e-font-icon-svg e-far-check-square\" viewBox=\"0 0 448 512\" xmlns=\"http:\/\/www.w3.org\/2000\/svg\"><path d=\"M400 32H48C21.49 32 0 53.49 0 80v352c0 26.51 21.49 48 48 48h352c26.51 0 48-21.49 48-48V80c0-26.51-21.49-48-48-48zm0 400H48V80h352v352zm-35.864-241.724L191.547 361.48c-4.705 4.667-12.303 4.637-16.97-.068l-90.781-91.516c-4.667-4.705-4.637-12.303.069-16.971l22.719-22.536c4.705-4.667 12.303-4.637 16.97.069l59.792 60.277 141.352-140.216c4.705-4.667 12.303-4.637 16.97.068l22.536 22.718c4.667 4.706 4.637 12.304-.068 16.971z\"><\/path><\/svg>\t\t\t\t\t\t<\/span>\n\t\t\t\t\t\t\t\t\t\t<span class=\"elementor-icon-list-text\"><strong>K\u00f6lts\u00e9ghat\u00e9konys\u00e1g: <\/strong>Az ac\u00e9l alacsony \u00e1ra \u00e9s a hat\u00e9konyabb gy\u00e1rt\u00e1s miatt a modul\u00e1ris cserepeslemez j\u00f3val kedvez\u0151bb \u00e1r\u00fa, mint a hagyom\u00e1nyos cser\u00e9p.<\/span>\n\t\t\t\t\t\t\t\t\t<\/li>\n\t\t\t\t\t\t\t\t<li class=\"elementor-icon-list-item\">\n\t\t\t\t\t\t\t\t\t\t\t<span class=\"elementor-icon-list-icon\">\n\t\t\t\t\t\t\t<svg aria-hidden=\"true\" class=\"e-font-icon-svg e-far-check-square\" viewBox=\"0 0 448 512\" xmlns=\"http:\/\/www.w3.org\/2000\/svg\"><path d=\"M400 32H48C21.49 32 0 53.49 0 80v352c0 26.51 21.49 48 48 48h352c26.51 0 48-21.49 48-48V80c0-26.51-21.49-48-48-48zm0 400H48V80h352v352zm-35.864-241.724L191.547 361.48c-4.705 4.667-12.303 4.637-16.97-.068l-90.781-91.516c-4.667-4.705-4.637-12.303.069-16.971l22.719-22.536c4.705-4.667 12.303-4.637 16.97.069l59.792 60.277 141.352-140.216c4.705-4.667 12.303-4.637 16.97.068l22.536 22.718c4.667 4.706 4.637 12.304-.068 16.971z\"><\/path><\/svg>\t\t\t\t\t\t<\/span>\n\t\t\t\t\t\t\t\t\t\t<span class=\"elementor-icon-list-text\"><strong>Gyors \u00e9s egyszer\u0171 telep\u00edt\u00e9s:<\/strong> A kisebb elemeknek k\u00f6sz\u00f6nhet\u0151en a modul\u00e1ris cserepeslemez gyorsabban \u00e9s k\u00f6nnyebben telep\u00edthet\u0151, ami id\u0151t \u00e9s munkaer\u0151t takar\u00edt meg.<\/span>\n\t\t\t\t\t\t\t\t\t<\/li>\n\t\t\t\t\t\t\t\t<li class=\"elementor-icon-list-item\">\n\t\t\t\t\t\t\t\t\t\t\t<span class=\"elementor-icon-list-icon\">\n\t\t\t\t\t\t\t<svg aria-hidden=\"true\" class=\"e-font-icon-svg e-far-check-square\" viewBox=\"0 0 448 512\" xmlns=\"http:\/\/www.w3.org\/2000\/svg\"><path d=\"M400 32H48C21.49 32 0 53.49 0 80v352c0 26.51 21.49 48 48 48h352c26.51 0 48-21.49 48-48V80c0-26.51-21.49-48-48-48zm0 400H48V80h352v352zm-35.864-241.724L191.547 361.48c-4.705 4.667-12.303 4.637-16.97-.068l-90.781-91.516c-4.667-4.705-4.637-12.303.069-16.971l22.719-22.536c4.705-4.667 12.303-4.637 16.97.069l59.792 60.277 141.352-140.216c4.705-4.667 12.303-4.637 16.97.068l22.536 22.718c4.667 4.706 4.637 12.304-.068 16.971z\"><\/path><\/svg>\t\t\t\t\t\t<\/span>\n\t\t\t\t\t\t\t\t\t\t<span class=\"elementor-icon-list-text\"><strong>K\u00f6nny\u0171 s\u00faly: <\/strong>A modul\u00e1ris cserepeslemez k\u00f6nny\u0171, \u00edgy nem terheli meg a tet\u0151szerkezetet, ami k\u00fcl\u00f6n\u00f6sen el\u0151ny\u00f6s r\u00e9gi vagy gyeng\u00e9bb szerkezet\u0171 \u00e9p\u00fcletekn\u00e9l.<\/span>\n\t\t\t\t\t\t\t\t\t<\/li>\n\t\t\t\t\t\t\t\t<li class=\"elementor-icon-list-item\">\n\t\t\t\t\t\t\t\t\t\t\t<span class=\"elementor-icon-list-icon\">\n\t\t\t\t\t\t\t<svg aria-hidden=\"true\" class=\"e-font-icon-svg e-far-check-square\" viewBox=\"0 0 448 512\" xmlns=\"http:\/\/www.w3.org\/2000\/svg\"><path d=\"M400 32H48C21.49 32 0 53.49 0 80v352c0 26.51 21.49 48 48 48h352c26.51 0 48-21.49 48-48V80c0-26.51-21.49-48-48-48zm0 400H48V80h352v352zm-35.864-241.724L191.547 361.48c-4.705 4.667-12.303 4.637-16.97-.068l-90.781-91.516c-4.667-4.705-4.637-12.303.069-16.971l22.719-22.536c4.705-4.667 12.303-4.637 16.97.069l59.792 60.277 141.352-140.216c4.705-4.667 12.303-4.637 16.97.068l22.536 22.718c4.667 4.706 4.637 12.304-.068 16.971z\"><\/path><\/svg>\t\t\t\t\t\t<\/span>\n\t\t\t\t\t\t\t\t\t\t<span class=\"elementor-icon-list-text\"><strong>Tart\u00f3ss\u00e1g: <\/strong>A modul\u00e1ris cserepeslemez ellen\u00e1ll a rozsd\u00e1nak, nedvess\u00e9gnek, UV-sug\u00e1rz\u00e1snak \u00e9s m\u00e1s k\u00f6rnyezeti hat\u00e1soknak, \u00edgy hossz\u00fa \u00e9lettartam\u00fa \u00e9s megb\u00edzhat\u00f3 v\u00e9delmet ny\u00fajt.<\/span>\n\t\t\t\t\t\t\t\t\t<\/li>\n\t\t\t\t\t\t\t\t<li class=\"elementor-icon-list-item\">\n\t\t\t\t\t\t\t\t\t\t\t<span class=\"elementor-icon-list-icon\">\n\t\t\t\t\t\t\t<svg aria-hidden=\"true\" class=\"e-font-icon-svg e-far-check-square\" viewBox=\"0 0 448 512\" xmlns=\"http:\/\/www.w3.org\/2000\/svg\"><path d=\"M400 32H48C21.49 32 0 53.49 0 80v352c0 26.51 21.49 48 48 48h352c26.51 0 48-21.49 48-48V80c0-26.51-21.49-48-48-48zm0 400H48V80h352v352zm-35.864-241.724L191.547 361.48c-4.705 4.667-12.303 4.637-16.97-.068l-90.781-91.516c-4.667-4.705-4.637-12.303.069-16.971l22.719-22.536c4.705-4.667 12.303-4.637 16.97.069l59.792 60.277 141.352-140.216c4.705-4.667 12.303-4.637 16.97.068l22.536 22.718c4.667 4.706 4.637 12.304-.068 16.971z\"><\/path><\/svg>\t\t\t\t\t\t<\/span>\n\t\t\t\t\t\t\t\t\t\t<span class=\"elementor-icon-list-text\"><strong>Eszt\u00e9tika \u00e9s v\u00e1ltozatoss\u00e1g: <\/strong>Sz\u00e1mos sz\u00ednben, text\u00far\u00e1ban \u00e9s mint\u00e1ban kaphat\u00f3, \u00edgy k\u00f6nnyen illeszkedik b\u00e1rmilyen \u00e9p\u00edt\u00e9szeti st\u00edlushoz \u00e9s k\u00f6rnyezethez.<\/span>\n\t\t\t\t\t\t\t\t\t<\/li>\n\t\t\t\t\t\t\t\t<li class=\"elementor-icon-list-item\">\n\t\t\t\t\t\t\t\t\t\t\t<span class=\"elementor-icon-list-icon\">\n\t\t\t\t\t\t\t<svg aria-hidden=\"true\" class=\"e-font-icon-svg e-far-check-square\" viewBox=\"0 0 448 512\" xmlns=\"http:\/\/www.w3.org\/2000\/svg\"><path d=\"M400 32H48C21.49 32 0 53.49 0 80v352c0 26.51 21.49 48 48 48h352c26.51 0 48-21.49 48-48V80c0-26.51-21.49-48-48-48zm0 400H48V80h352v352zm-35.864-241.724L191.547 361.48c-4.705 4.667-12.303 4.637-16.97-.068l-90.781-91.516c-4.667-4.705-4.637-12.303.069-16.971l22.719-22.536c4.705-4.667 12.303-4.637 16.97.069l59.792 60.277 141.352-140.216c4.705-4.667 12.303-4.637 16.97.068l22.536 22.718c4.667 4.706 4.637 12.304-.068 16.971z\"><\/path><\/svg>\t\t\t\t\t\t<\/span>\n\t\t\t\t\t\t\t\t\t\t<span class=\"elementor-icon-list-text\"><strong>Egyszer\u0171 karbantart\u00e1s: <\/strong>Nem ig\u00e9nyel speci\u00e1lis kezel\u00e9st, az esetleges s\u00e9r\u00fcl\u00e9sek k\u00f6nnyen jav\u00edthat\u00f3k, \u00e9s az \u201e\u00f6ntisztul\u00f3\u201d bevonatnak k\u00f6sz\u00f6nhet\u0151en az es\u0151 is tiszt\u00e1n tartja.<\/span>\n\t\t\t\t\t\t\t\t\t<\/li>\n\t\t\t\t\t\t<\/ul>\n\t\t\t\t\t\t<\/div>\n\t\t\t\t<\/div>\n\t\t\t\t<\/div>\n\t\t<div class=\"elementor-element elementor-element-111ea01 e-con-full e-flex e-con e-child\" data-id=\"111ea01\" data-element_type=\"container\">\n\t\t\t\t<div class=\"elementor-element elementor-element-5360893 elementor-widget elementor-widget-text-editor\" data-id=\"5360893\" data-element_type=\"widget\" data-widget_type=\"text-editor.default\">\n\t\t\t\t<div class=\"elementor-widget-container\">\n\t\t\t\t\t\t\t\t\t<h3 style=\"font-size: 30px;\">Tov\u00e1bbi tudnival\u00f3k:<\/h3>\t\t\t\t\t\t\t\t<\/div>\n\t\t\t\t<\/div>\n\t\t\t\t<div class=\"elementor-element elementor-element-34a3d4d elementor-widget__width-initial elementor-icon-list--layout-traditional elementor-list-item-link-full_width elementor-widget elementor-widget-icon-list\" data-id=\"34a3d4d\" data-element_type=\"widget\" data-widget_type=\"icon-list.default\">\n\t\t\t\t<div class=\"elementor-widget-container\">\n\t\t\t\t\t\t\t<ul class=\"elementor-icon-list-items\">\n\t\t\t\t\t\t\t<li class=\"elementor-icon-list-item\">\n\t\t\t\t\t\t\t\t\t\t\t<span class=\"elementor-icon-list-icon\">\n\t\t\t\t\t\t\t<svg aria-hidden=\"true\" class=\"e-font-icon-svg e-far-check-square\" viewBox=\"0 0 448 512\" xmlns=\"http:\/\/www.w3.org\/2000\/svg\"><path d=\"M400 32H48C21.49 32 0 53.49 0 80v352c0 26.51 21.49 48 48 48h352c26.51 0 48-21.49 48-48V80c0-26.51-21.49-48-48-48zm0 400H48V80h352v352zm-35.864-241.724L191.547 361.48c-4.705 4.667-12.303 4.637-16.97-.068l-90.781-91.516c-4.667-4.705-4.637-12.303.069-16.971l22.719-22.536c4.705-4.667 12.303-4.637 16.97.069l59.792 60.277 141.352-140.216c4.705-4.667 12.303-4.637 16.97.068l22.536 22.718c4.667 4.706 4.637 12.304-.068 16.971z\"><\/path><\/svg>\t\t\t\t\t\t<\/span>\n\t\t\t\t\t\t\t\t\t\t<span class=\"elementor-icon-list-text\"><strong>Antikondenz\u00e1ci\u00f3s filcr\u00e9teg: <\/strong>Cs\u00f6kkenti az es\u0151 zaj\u00e1t \u00e9s megakad\u00e1lyozza a kondenzv\u00edz lecs\u00f6p\u00f6g\u00e9s\u00e9t, \u00edgy \u00e9rdemes ezzel egy\u00fctt megv\u00e1s\u00e1rolni.<\/span>\n\t\t\t\t\t\t\t\t\t<\/li>\n\t\t\t\t\t\t\t\t<li class=\"elementor-icon-list-item\">\n\t\t\t\t\t\t\t\t\t\t\t<span class=\"elementor-icon-list-icon\">\n\t\t\t\t\t\t\t<svg aria-hidden=\"true\" class=\"e-font-icon-svg e-far-check-square\" viewBox=\"0 0 448 512\" xmlns=\"http:\/\/www.w3.org\/2000\/svg\"><path d=\"M400 32H48C21.49 32 0 53.49 0 80v352c0 26.51 21.49 48 48 48h352c26.51 0 48-21.49 48-48V80c0-26.51-21.49-48-48-48zm0 400H48V80h352v352zm-35.864-241.724L191.547 361.48c-4.705 4.667-12.303 4.637-16.97-.068l-90.781-91.516c-4.667-4.705-4.637-12.303.069-16.971l22.719-22.536c4.705-4.667 12.303-4.637 16.97.069l59.792 60.277 141.352-140.216c4.705-4.667 12.303-4.637 16.97.068l22.536 22.718c4.667 4.706 4.637 12.304-.068 16.971z\"><\/path><\/svg>\t\t\t\t\t\t<\/span>\n\t\t\t\t\t\t\t\t\t\t<span class=\"elementor-icon-list-text\"><strong>Falburkolatk\u00e9nt is haszn\u00e1lhat\u00f3: <\/strong>A modul\u00e1ris cserepeslemezek nem csak tet\u0151fed\u00e9sre, hanem falburkol\u00e1sra is alkalmasak, \u00edgy egys\u00e9ges megjelen\u00e9st biztos\u00edthatunk az \u00e9p\u00fcletnek.<\/span>\n\t\t\t\t\t\t\t\t\t<\/li>\n\t\t\t\t\t\t<\/ul>\n\t\t\t\t\t\t<\/div>\n\t\t\t\t<\/div>\n\t\t\t\t<div class=\"elementor-element elementor-element-c987910 elementor-widget elementor-widget-text-editor\" data-id=\"c987910\" data-element_type=\"widget\" data-widget_type=\"text-editor.default\">\n\t\t\t\t<div class=\"elementor-widget-container\">\n\t\t\t\t\t\t\t\t\t<p><strong style=\"font-size: 30px;\">V\u00e1lassza az Ac\u00e9ldep\u00f3 modul\u00e1ris cserepeslemezeit, \u00e9s tapasztalja meg a modern tet\u0151fed\u00e9s el\u0151nyeit!<\/strong><\/p>\t\t\t\t\t\t\t\t<\/div>\n\t\t\t\t<\/div>\n\t\t\t\t<\/div>\n\t\t\t\t\t<\/div>\n\t\t\t\t<\/div>\n\t\t\t\t<\/div>\n\t\t","protected":false},"excerpt":{"rendered":"<p>Mi az a modul\u00e1ris cserepeslemez? Modul\u00e1ris cserepeslemez: A modern \u00e9s k\u00f6lts\u00e9ghat\u00e9kony tet\u0151fed\u00e9s A tet\u0151fed\u00e9s fontoss\u00e1ga A tet\u0151fed\u00e9s az \u00e9p\u00fclet v\u00e9delm\u00e9nek \u00e9s eszt\u00e9tik\u00e1j\u00e1nak kulcsfontoss\u00e1g\u00fa eleme. A&#8230;<\/p>\n","protected":false},"author":3,"featured_media":882,"parent":0,"menu_order":0,"comment_status":"closed","ping_status":"closed","template":"elementor_header_footer","meta":{"footnotes":""},"class_list":["post-1081","page","type-page","status-publish","has-post-thumbnail","hentry"],"_links":{"self":[{"href":"https:\/\/aceldepo.hu\/index.php\/wp-json\/wp\/v2\/pages\/1081","targetHints":{"allow":["GET"]}}],"collection":[{"href":"https:\/\/aceldepo.hu\/index.php\/wp-json\/wp\/v2\/pages"}],"about":[{"href":"https:\/\/aceldepo.hu\/index.php\/wp-json\/wp\/v2\/types\/page"}],"author":[{"embeddable":true,"href":"https:\/\/aceldepo.hu\/index.php\/wp-json\/wp\/v2\/users\/3"}],"replies":[{"embeddable":true,"href":"https:\/\/aceldepo.hu\/index.php\/wp-json\/wp\/v2\/comments?post=1081"}],"version-history":[{"count":13,"href":"https:\/\/aceldepo.hu\/index.php\/wp-json\/wp\/v2\/pages\/1081\/revisions"}],"predecessor-version":[{"id":1781,"href":"https:\/\/aceldepo.hu\/index.php\/wp-json\/wp\/v2\/pages\/1081\/revisions\/1781"}],"wp:featuredmedia":[{"embeddable":true,"href":"https:\/\/aceldepo.hu\/index.php\/wp-json\/wp\/v2\/media\/882"}],"wp:attachment":[{"href":"https:\/\/aceldepo.hu\/index.php\/wp-json\/wp\/v2\/media?parent=1081"}],"curies":[{"name":"wp","href":"https:\/\/api.w.org\/{rel}","templated":true}]}}