{"id":2506,"date":"2025-11-13T09:28:02","date_gmt":"2025-11-13T09:28:02","guid":{"rendered":"https:\/\/aceldepo.hu\/?page_id=2506"},"modified":"2025-11-13T09:31:51","modified_gmt":"2025-11-13T09:31:51","slug":"kivitelezes","status":"publish","type":"page","link":"https:\/\/aceldepo.hu\/index.php\/kivitelezes\/","title":{"rendered":"Kivitelez\u00e9s"},"content":{"rendered":"\t\t<div data-elementor-type=\"wp-page\" data-elementor-id=\"2506\" class=\"elementor elementor-2506\" data-elementor-post-type=\"page\">\n\t\t\t\t<div class=\"elementor-element elementor-element-8ec2fff e-con-full e-flex e-con e-parent\" data-id=\"8ec2fff\" data-element_type=\"container\" data-settings=\"{&quot;background_background&quot;:&quot;classic&quot;}\">\n\t\t<div class=\"elementor-element elementor-element-e6cb4c8 e-flex e-con-boxed e-con e-child\" data-id=\"e6cb4c8\" data-element_type=\"container\">\n\t\t\t\t\t<div class=\"e-con-inner\">\n\t\t\t\t<div class=\"elementor-element elementor-element-3a661fb elementor-widget elementor-widget-text-editor\" data-id=\"3a661fb\" data-element_type=\"widget\" data-widget_type=\"text-editor.default\">\n\t\t\t\t<div class=\"elementor-widget-container\">\n\t\t\t\t\t\t\t\t\t<h1><span style=\"color: #ffffff;\">Kivitelez\u00e9s<\/span><\/h1>\t\t\t\t\t\t\t\t<\/div>\n\t\t\t\t<\/div>\n\t\t\t\t\t<\/div>\n\t\t\t\t<\/div>\n\t\t\t\t<\/div>\n\t\t<div class=\"elementor-element elementor-element-f7b4f93 e-flex e-con-boxed e-con e-parent\" data-id=\"f7b4f93\" data-element_type=\"container\">\n\t\t\t\t\t<div class=\"e-con-inner\">\n\t\t<div class=\"elementor-element elementor-element-033acf9 e-grid e-con-boxed e-con e-child\" data-id=\"033acf9\" data-element_type=\"container\">\n\t\t\t\t\t<div class=\"e-con-inner\">\n\t\t<div class=\"elementor-element elementor-element-76049d0 e-flex e-con-boxed e-con e-child\" data-id=\"76049d0\" data-element_type=\"container\">\n\t\t\t\t\t<div class=\"e-con-inner\">\n\t\t\t\t<div class=\"elementor-element elementor-element-689dfdd elementor-widget elementor-widget-text-editor\" data-id=\"689dfdd\" data-element_type=\"widget\" data-widget_type=\"text-editor.default\">\n\t\t\t\t<div class=\"elementor-widget-container\">\n\t\t\t\t\t\t\t\t\t<p style=\"text-align: left; font-size: 18px;\"><strong>Te meg\u00e1lmodod, mi pedig saj\u00e1t alapanyagb\u00f3l legy\u00e1rtjuk, majd a helysz\u00ednen fel\u00e9p\u00edtj\u00fck!<\/strong><\/p><p style=\"text-align: left; font-size: 18px;\">Kisebb lakatosmunk\u00e1kat v\u00e1llalunk! \u00dasz\u00f3kapuk, ker\u00edt\u00e9sek, f\u00e9ltet\u0151k, mobilgar\u00e1zsok, ac\u00e9lszerkezetek. Min\u0151s\u00e9gi helyi alapanyagok, profi csapat.<\/p><p style=\"text-align: left; font-size: 18px;\"><strong>Val\u00f3s\u00edtsd meg vel\u00fcnk az elk\u00e9pzel\u00e9sed!<\/strong><\/p>\t\t\t\t\t\t\t\t<\/div>\n\t\t\t\t<\/div>\n\t\t\t\t\t<\/div>\n\t\t\t\t<\/div>\n\t\t<div class=\"elementor-element elementor-element-792a957 e-flex e-con-boxed e-con e-child\" data-id=\"792a957\" data-element_type=\"container\">\n\t\t\t\t\t<div class=\"e-con-inner\">\n\t\t\t\t\t<\/div>\n\t\t\t\t<\/div>\n\t\t\t\t\t<\/div>\n\t\t\t\t<\/div>\n\t\t\t\t\t<\/div>\n\t\t\t\t<\/div>\n\t\t<div class=\"elementor-element elementor-element-62c70da e-flex e-con-boxed e-con e-parent\" data-id=\"62c70da\" data-element_type=\"container\">\n\t\t\t\t\t<div class=\"e-con-inner\">\n\t\t\t\t<div class=\"elementor-element elementor-element-8823c08 elementor-widget elementor-widget-gallery\" data-id=\"8823c08\" data-element_type=\"widget\" data-settings=\"{&quot;lazyload&quot;:&quot;yes&quot;,&quot;gallery_layout&quot;:&quot;grid&quot;,&quot;columns&quot;:4,&quot;columns_tablet&quot;:2,&quot;columns_mobile&quot;:1,&quot;gap&quot;:{&quot;unit&quot;:&quot;px&quot;,&quot;size&quot;:10,&quot;sizes&quot;:[]},&quot;gap_tablet&quot;:{&quot;unit&quot;:&quot;px&quot;,&quot;size&quot;:10,&quot;sizes&quot;:[]},&quot;gap_mobile&quot;:{&quot;unit&quot;:&quot;px&quot;,&quot;size&quot;:10,&quot;sizes&quot;:[]},&quot;link_to&quot;:&quot;file&quot;,&quot;aspect_ratio&quot;:&quot;3:2&quot;,&quot;overlay_background&quot;:&quot;yes&quot;,&quot;content_hover_animation&quot;:&quot;fade-in&quot;}\" data-widget_type=\"gallery.default\">\n\t\t\t\t<div class=\"elementor-widget-container\">\n\t\t\t\t\t\t\t<div class=\"elementor-gallery__container\">\n\t\t\t\t\t\t\t<a class=\"e-gallery-item elementor-gallery-item elementor-animated-content\" href=\"https:\/\/aceldepo.hu\/wp-content\/uploads\/2025\/11\/aceldepo-referencia-01.jpg\" data-elementor-open-lightbox=\"yes\" data-elementor-lightbox-slideshow=\"8823c08\" data-elementor-lightbox-title=\"aceldepo-referencia-01\" data-e-action-hash=\"#elementor-action%3Aaction%3Dlightbox%26settings%3DeyJpZCI6MjUwOCwidXJsIjoiaHR0cHM6XC9cL2FjZWxkZXBvLmh1XC93cC1jb250ZW50XC91cGxvYWRzXC8yMDI1XC8xMVwvYWNlbGRlcG8tcmVmZXJlbmNpYS0wMS5qcGciLCJzbGlkZXNob3ciOiI4ODIzYzA4In0%3D\">\n\t\t\t\t\t<div class=\"e-gallery-image elementor-gallery-item__image\" data-thumbnail=\"https:\/\/aceldepo.hu\/wp-content\/uploads\/2025\/11\/aceldepo-referencia-01-768x1024.jpg\" data-width=\"768\" data-height=\"1024\" aria-label=\"\" role=\"img\" ><\/div>\n\t\t\t\t\t\t\t\t\t\t\t<div class=\"elementor-gallery-item__overlay\"><\/div>\n\t\t\t\t\t\t\t\t\t\t\t\t\t\t<\/a>\n\t\t\t\t\t\t\t<a class=\"e-gallery-item elementor-gallery-item elementor-animated-content\" href=\"https:\/\/aceldepo.hu\/wp-content\/uploads\/2025\/11\/aceldepo-referencia-02.jpg\" data-elementor-open-lightbox=\"yes\" data-elementor-lightbox-slideshow=\"8823c08\" data-elementor-lightbox-title=\"aceldepo-referencia-02\" data-e-action-hash=\"#elementor-action%3Aaction%3Dlightbox%26settings%3DeyJpZCI6MjUwOSwidXJsIjoiaHR0cHM6XC9cL2FjZWxkZXBvLmh1XC93cC1jb250ZW50XC91cGxvYWRzXC8yMDI1XC8xMVwvYWNlbGRlcG8tcmVmZXJlbmNpYS0wMi5qcGciLCJzbGlkZXNob3ciOiI4ODIzYzA4In0%3D\">\n\t\t\t\t\t<div class=\"e-gallery-image elementor-gallery-item__image\" data-thumbnail=\"https:\/\/aceldepo.hu\/wp-content\/uploads\/2025\/11\/aceldepo-referencia-02-768x576.jpg\" data-width=\"768\" data-height=\"576\" aria-label=\"\" role=\"img\" ><\/div>\n\t\t\t\t\t\t\t\t\t\t\t<div class=\"elementor-gallery-item__overlay\"><\/div>\n\t\t\t\t\t\t\t\t\t\t\t\t\t\t<\/a>\n\t\t\t\t\t\t\t<a class=\"e-gallery-item elementor-gallery-item elementor-animated-content\" href=\"https:\/\/aceldepo.hu\/wp-content\/uploads\/2025\/11\/aceldepo-referencia-03.jpg\" data-elementor-open-lightbox=\"yes\" data-elementor-lightbox-slideshow=\"8823c08\" data-elementor-lightbox-title=\"aceldepo-referencia-03\" data-e-action-hash=\"#elementor-action%3Aaction%3Dlightbox%26settings%3DeyJpZCI6MjUxMCwidXJsIjoiaHR0cHM6XC9cL2FjZWxkZXBvLmh1XC93cC1jb250ZW50XC91cGxvYWRzXC8yMDI1XC8xMVwvYWNlbGRlcG8tcmVmZXJlbmNpYS0wMy5qcGciLCJzbGlkZXNob3ciOiI4ODIzYzA4In0%3D\">\n\t\t\t\t\t<div class=\"e-gallery-image elementor-gallery-item__image\" data-thumbnail=\"https:\/\/aceldepo.hu\/wp-content\/uploads\/2025\/11\/aceldepo-referencia-03-768x576.jpg\" data-width=\"768\" data-height=\"576\" aria-label=\"\" role=\"img\" ><\/div>\n\t\t\t\t\t\t\t\t\t\t\t<div class=\"elementor-gallery-item__overlay\"><\/div>\n\t\t\t\t\t\t\t\t\t\t\t\t\t\t<\/a>\n\t\t\t\t\t\t\t<a class=\"e-gallery-item elementor-gallery-item elementor-animated-content\" href=\"https:\/\/aceldepo.hu\/wp-content\/uploads\/2025\/11\/aceldepo-referencia-04.jpg\" data-elementor-open-lightbox=\"yes\" data-elementor-lightbox-slideshow=\"8823c08\" data-elementor-lightbox-title=\"aceldepo-referencia-04\" data-e-action-hash=\"#elementor-action%3Aaction%3Dlightbox%26settings%3DeyJpZCI6MjUxMSwidXJsIjoiaHR0cHM6XC9cL2FjZWxkZXBvLmh1XC93cC1jb250ZW50XC91cGxvYWRzXC8yMDI1XC8xMVwvYWNlbGRlcG8tcmVmZXJlbmNpYS0wNC5qcGciLCJzbGlkZXNob3ciOiI4ODIzYzA4In0%3D\">\n\t\t\t\t\t<div class=\"e-gallery-image elementor-gallery-item__image\" data-thumbnail=\"https:\/\/aceldepo.hu\/wp-content\/uploads\/2025\/11\/aceldepo-referencia-04-768x576.jpg\" data-width=\"768\" data-height=\"576\" aria-label=\"\" role=\"img\" ><\/div>\n\t\t\t\t\t\t\t\t\t\t\t<div class=\"elementor-gallery-item__overlay\"><\/div>\n\t\t\t\t\t\t\t\t\t\t\t\t\t\t<\/a>\n\t\t\t\t\t\t\t<a class=\"e-gallery-item elementor-gallery-item elementor-animated-content\" href=\"https:\/\/aceldepo.hu\/wp-content\/uploads\/2025\/11\/aceldepo-referencia-05.jpg\" data-elementor-open-lightbox=\"yes\" data-elementor-lightbox-slideshow=\"8823c08\" data-elementor-lightbox-title=\"aceldepo-referencia-05\" data-e-action-hash=\"#elementor-action%3Aaction%3Dlightbox%26settings%3DeyJpZCI6MjUxMiwidXJsIjoiaHR0cHM6XC9cL2FjZWxkZXBvLmh1XC93cC1jb250ZW50XC91cGxvYWRzXC8yMDI1XC8xMVwvYWNlbGRlcG8tcmVmZXJlbmNpYS0wNS5qcGciLCJzbGlkZXNob3ciOiI4ODIzYzA4In0%3D\">\n\t\t\t\t\t<div class=\"e-gallery-image elementor-gallery-item__image\" data-thumbnail=\"https:\/\/aceldepo.hu\/wp-content\/uploads\/2025\/11\/aceldepo-referencia-05-768x576.jpg\" data-width=\"768\" data-height=\"576\" aria-label=\"\" role=\"img\" ><\/div>\n\t\t\t\t\t\t\t\t\t\t\t<div class=\"elementor-gallery-item__overlay\"><\/div>\n\t\t\t\t\t\t\t\t\t\t\t\t\t\t<\/a>\n\t\t\t\t\t\t\t<a class=\"e-gallery-item elementor-gallery-item elementor-animated-content\" href=\"https:\/\/aceldepo.hu\/wp-content\/uploads\/2025\/11\/aceldepo-referencia-06.jpg\" data-elementor-open-lightbox=\"yes\" data-elementor-lightbox-slideshow=\"8823c08\" data-elementor-lightbox-title=\"aceldepo-referencia-06\" data-e-action-hash=\"#elementor-action%3Aaction%3Dlightbox%26settings%3DeyJpZCI6MjUxMywidXJsIjoiaHR0cHM6XC9cL2FjZWxkZXBvLmh1XC93cC1jb250ZW50XC91cGxvYWRzXC8yMDI1XC8xMVwvYWNlbGRlcG8tcmVmZXJlbmNpYS0wNi5qcGciLCJzbGlkZXNob3ciOiI4ODIzYzA4In0%3D\">\n\t\t\t\t\t<div class=\"e-gallery-image elementor-gallery-item__image\" data-thumbnail=\"https:\/\/aceldepo.hu\/wp-content\/uploads\/2025\/11\/aceldepo-referencia-06-768x576.jpg\" data-width=\"768\" data-height=\"576\" aria-label=\"\" role=\"img\" ><\/div>\n\t\t\t\t\t\t\t\t\t\t\t<div class=\"elementor-gallery-item__overlay\"><\/div>\n\t\t\t\t\t\t\t\t\t\t\t\t\t\t<\/a>\n\t\t\t\t\t\t\t<a class=\"e-gallery-item elementor-gallery-item elementor-animated-content\" href=\"https:\/\/aceldepo.hu\/wp-content\/uploads\/2025\/11\/aceldepo-referencia-07.jpg\" data-elementor-open-lightbox=\"yes\" data-elementor-lightbox-slideshow=\"8823c08\" data-elementor-lightbox-title=\"aceldepo-referencia-07\" data-e-action-hash=\"#elementor-action%3Aaction%3Dlightbox%26settings%3DeyJpZCI6MjUxNCwidXJsIjoiaHR0cHM6XC9cL2FjZWxkZXBvLmh1XC93cC1jb250ZW50XC91cGxvYWRzXC8yMDI1XC8xMVwvYWNlbGRlcG8tcmVmZXJlbmNpYS0wNy5qcGciLCJzbGlkZXNob3ciOiI4ODIzYzA4In0%3D\">\n\t\t\t\t\t<div class=\"e-gallery-image elementor-gallery-item__image\" data-thumbnail=\"https:\/\/aceldepo.hu\/wp-content\/uploads\/2025\/11\/aceldepo-referencia-07-768x1024.jpg\" data-width=\"768\" data-height=\"1024\" aria-label=\"\" role=\"img\" ><\/div>\n\t\t\t\t\t\t\t\t\t\t\t<div class=\"elementor-gallery-item__overlay\"><\/div>\n\t\t\t\t\t\t\t\t\t\t\t\t\t\t<\/a>\n\t\t\t\t\t\t\t<a class=\"e-gallery-item elementor-gallery-item elementor-animated-content\" href=\"https:\/\/aceldepo.hu\/wp-content\/uploads\/2025\/11\/aceldepo-referencia-08.jpg\" data-elementor-open-lightbox=\"yes\" data-elementor-lightbox-slideshow=\"8823c08\" data-elementor-lightbox-title=\"aceldepo-referencia-08\" data-e-action-hash=\"#elementor-action%3Aaction%3Dlightbox%26settings%3DeyJpZCI6MjUxNSwidXJsIjoiaHR0cHM6XC9cL2FjZWxkZXBvLmh1XC93cC1jb250ZW50XC91cGxvYWRzXC8yMDI1XC8xMVwvYWNlbGRlcG8tcmVmZXJlbmNpYS0wOC5qcGciLCJzbGlkZXNob3ciOiI4ODIzYzA4In0%3D\">\n\t\t\t\t\t<div class=\"e-gallery-image elementor-gallery-item__image\" data-thumbnail=\"https:\/\/aceldepo.hu\/wp-content\/uploads\/2025\/11\/aceldepo-referencia-08-768x1024.jpg\" data-width=\"768\" data-height=\"1024\" aria-label=\"\" role=\"img\" ><\/div>\n\t\t\t\t\t\t\t\t\t\t\t<div class=\"elementor-gallery-item__overlay\"><\/div>\n\t\t\t\t\t\t\t\t\t\t\t\t\t\t<\/a>\n\t\t\t\t\t\t\t<a class=\"e-gallery-item elementor-gallery-item elementor-animated-content\" href=\"https:\/\/aceldepo.hu\/wp-content\/uploads\/2025\/11\/aceldepo-referencia-09.jpg\" data-elementor-open-lightbox=\"yes\" data-elementor-lightbox-slideshow=\"8823c08\" data-elementor-lightbox-title=\"aceldepo-referencia-09\" data-e-action-hash=\"#elementor-action%3Aaction%3Dlightbox%26settings%3DeyJpZCI6MjUxNiwidXJsIjoiaHR0cHM6XC9cL2FjZWxkZXBvLmh1XC93cC1jb250ZW50XC91cGxvYWRzXC8yMDI1XC8xMVwvYWNlbGRlcG8tcmVmZXJlbmNpYS0wOS5qcGciLCJzbGlkZXNob3ciOiI4ODIzYzA4In0%3D\">\n\t\t\t\t\t<div class=\"e-gallery-image elementor-gallery-item__image\" data-thumbnail=\"https:\/\/aceldepo.hu\/wp-content\/uploads\/2025\/11\/aceldepo-referencia-09-768x1024.jpg\" data-width=\"768\" data-height=\"1024\" aria-label=\"\" role=\"img\" ><\/div>\n\t\t\t\t\t\t\t\t\t\t\t<div class=\"elementor-gallery-item__overlay\"><\/div>\n\t\t\t\t\t\t\t\t\t\t\t\t\t\t<\/a>\n\t\t\t\t\t\t\t<a class=\"e-gallery-item elementor-gallery-item elementor-animated-content\" href=\"https:\/\/aceldepo.hu\/wp-content\/uploads\/2025\/11\/aceldepo-referencia-10.jpg\" data-elementor-open-lightbox=\"yes\" data-elementor-lightbox-slideshow=\"8823c08\" data-elementor-lightbox-title=\"aceldepo-referencia-10\" data-e-action-hash=\"#elementor-action%3Aaction%3Dlightbox%26settings%3DeyJpZCI6MjUxNywidXJsIjoiaHR0cHM6XC9cL2FjZWxkZXBvLmh1XC93cC1jb250ZW50XC91cGxvYWRzXC8yMDI1XC8xMVwvYWNlbGRlcG8tcmVmZXJlbmNpYS0xMC5qcGciLCJzbGlkZXNob3ciOiI4ODIzYzA4In0%3D\">\n\t\t\t\t\t<div class=\"e-gallery-image elementor-gallery-item__image\" data-thumbnail=\"https:\/\/aceldepo.hu\/wp-content\/uploads\/2025\/11\/aceldepo-referencia-10-768x1024.jpg\" data-width=\"768\" data-height=\"1024\" aria-label=\"\" role=\"img\" ><\/div>\n\t\t\t\t\t\t\t\t\t\t\t<div class=\"elementor-gallery-item__overlay\"><\/div>\n\t\t\t\t\t\t\t\t\t\t\t\t\t\t<\/a>\n\t\t\t\t\t\t\t<a class=\"e-gallery-item elementor-gallery-item elementor-animated-content\" href=\"https:\/\/aceldepo.hu\/wp-content\/uploads\/2025\/11\/aceldepo-referencia-11.jpg\" data-elementor-open-lightbox=\"yes\" data-elementor-lightbox-slideshow=\"8823c08\" data-elementor-lightbox-title=\"aceldepo-referencia-11\" data-e-action-hash=\"#elementor-action%3Aaction%3Dlightbox%26settings%3DeyJpZCI6MjUxOCwidXJsIjoiaHR0cHM6XC9cL2FjZWxkZXBvLmh1XC93cC1jb250ZW50XC91cGxvYWRzXC8yMDI1XC8xMVwvYWNlbGRlcG8tcmVmZXJlbmNpYS0xMS5qcGciLCJzbGlkZXNob3ciOiI4ODIzYzA4In0%3D\">\n\t\t\t\t\t<div class=\"e-gallery-image elementor-gallery-item__image\" data-thumbnail=\"https:\/\/aceldepo.hu\/wp-content\/uploads\/2025\/11\/aceldepo-referencia-11-768x576.jpg\" data-width=\"768\" data-height=\"576\" aria-label=\"\" role=\"img\" ><\/div>\n\t\t\t\t\t\t\t\t\t\t\t<div class=\"elementor-gallery-item__overlay\"><\/div>\n\t\t\t\t\t\t\t\t\t\t\t\t\t\t<\/a>\n\t\t\t\t\t\t\t<a class=\"e-gallery-item elementor-gallery-item elementor-animated-content\" href=\"https:\/\/aceldepo.hu\/wp-content\/uploads\/2025\/11\/aceldepo-referencia-12.jpg\" data-elementor-open-lightbox=\"yes\" data-elementor-lightbox-slideshow=\"8823c08\" data-elementor-lightbox-title=\"aceldepo-referencia-12\" data-e-action-hash=\"#elementor-action%3Aaction%3Dlightbox%26settings%3DeyJpZCI6MjUxOSwidXJsIjoiaHR0cHM6XC9cL2FjZWxkZXBvLmh1XC93cC1jb250ZW50XC91cGxvYWRzXC8yMDI1XC8xMVwvYWNlbGRlcG8tcmVmZXJlbmNpYS0xMi5qcGciLCJzbGlkZXNob3ciOiI4ODIzYzA4In0%3D\">\n\t\t\t\t\t<div class=\"e-gallery-image elementor-gallery-item__image\" data-thumbnail=\"https:\/\/aceldepo.hu\/wp-content\/uploads\/2025\/11\/aceldepo-referencia-12-768x1024.jpg\" data-width=\"768\" data-height=\"1024\" aria-label=\"\" role=\"img\" ><\/div>\n\t\t\t\t\t\t\t\t\t\t\t<div class=\"elementor-gallery-item__overlay\"><\/div>\n\t\t\t\t\t\t\t\t\t\t\t\t\t\t<\/a>\n\t\t\t\t\t\t\t<a class=\"e-gallery-item elementor-gallery-item elementor-animated-content\" href=\"https:\/\/aceldepo.hu\/wp-content\/uploads\/2025\/11\/aceldepo-referencia-13.jpg\" data-elementor-open-lightbox=\"yes\" data-elementor-lightbox-slideshow=\"8823c08\" data-elementor-lightbox-title=\"aceldepo-referencia-13\" data-e-action-hash=\"#elementor-action%3Aaction%3Dlightbox%26settings%3DeyJpZCI6MjUyMCwidXJsIjoiaHR0cHM6XC9cL2FjZWxkZXBvLmh1XC93cC1jb250ZW50XC91cGxvYWRzXC8yMDI1XC8xMVwvYWNlbGRlcG8tcmVmZXJlbmNpYS0xMy5qcGciLCJzbGlkZXNob3ciOiI4ODIzYzA4In0%3D\">\n\t\t\t\t\t<div class=\"e-gallery-image elementor-gallery-item__image\" data-thumbnail=\"https:\/\/aceldepo.hu\/wp-content\/uploads\/2025\/11\/aceldepo-referencia-13-768x576.jpg\" data-width=\"768\" data-height=\"576\" aria-label=\"\" role=\"img\" ><\/div>\n\t\t\t\t\t\t\t\t\t\t\t<div class=\"elementor-gallery-item__overlay\"><\/div>\n\t\t\t\t\t\t\t\t\t\t\t\t\t\t<\/a>\n\t\t\t\t\t\t\t<a class=\"e-gallery-item elementor-gallery-item elementor-animated-content\" href=\"https:\/\/aceldepo.hu\/wp-content\/uploads\/2025\/11\/aceldepo-referencia-14.jpg\" data-elementor-open-lightbox=\"yes\" data-elementor-lightbox-slideshow=\"8823c08\" data-elementor-lightbox-title=\"aceldepo-referencia-14\" data-e-action-hash=\"#elementor-action%3Aaction%3Dlightbox%26settings%3DeyJpZCI6MjUyMSwidXJsIjoiaHR0cHM6XC9cL2FjZWxkZXBvLmh1XC93cC1jb250ZW50XC91cGxvYWRzXC8yMDI1XC8xMVwvYWNlbGRlcG8tcmVmZXJlbmNpYS0xNC5qcGciLCJzbGlkZXNob3ciOiI4ODIzYzA4In0%3D\">\n\t\t\t\t\t<div class=\"e-gallery-image elementor-gallery-item__image\" data-thumbnail=\"https:\/\/aceldepo.hu\/wp-content\/uploads\/2025\/11\/aceldepo-referencia-14-768x576.jpg\" data-width=\"768\" data-height=\"576\" aria-label=\"\" role=\"img\" ><\/div>\n\t\t\t\t\t\t\t\t\t\t\t<div class=\"elementor-gallery-item__overlay\"><\/div>\n\t\t\t\t\t\t\t\t\t\t\t\t\t\t<\/a>\n\t\t\t\t\t\t\t<a class=\"e-gallery-item elementor-gallery-item elementor-animated-content\" href=\"https:\/\/aceldepo.hu\/wp-content\/uploads\/2025\/11\/aceldepo-referencia-15.jpg\" data-elementor-open-lightbox=\"yes\" data-elementor-lightbox-slideshow=\"8823c08\" data-elementor-lightbox-title=\"aceldepo-referencia-15\" data-e-action-hash=\"#elementor-action%3Aaction%3Dlightbox%26settings%3DeyJpZCI6MjUyMiwidXJsIjoiaHR0cHM6XC9cL2FjZWxkZXBvLmh1XC93cC1jb250ZW50XC91cGxvYWRzXC8yMDI1XC8xMVwvYWNlbGRlcG8tcmVmZXJlbmNpYS0xNS5qcGciLCJzbGlkZXNob3ciOiI4ODIzYzA4In0%3D\">\n\t\t\t\t\t<div class=\"e-gallery-image elementor-gallery-item__image\" data-thumbnail=\"https:\/\/aceldepo.hu\/wp-content\/uploads\/2025\/11\/aceldepo-referencia-15-768x1024.jpg\" data-width=\"768\" data-height=\"1024\" aria-label=\"\" role=\"img\" ><\/div>\n\t\t\t\t\t\t\t\t\t\t\t<div class=\"elementor-gallery-item__overlay\"><\/div>\n\t\t\t\t\t\t\t\t\t\t\t\t\t\t<\/a>\n\t\t\t\t\t\t\t<a class=\"e-gallery-item elementor-gallery-item elementor-animated-content\" href=\"https:\/\/aceldepo.hu\/wp-content\/uploads\/2025\/11\/aceldepo-referencia-16.jpg\" data-elementor-open-lightbox=\"yes\" data-elementor-lightbox-slideshow=\"8823c08\" data-elementor-lightbox-title=\"aceldepo-referencia-16\" data-e-action-hash=\"#elementor-action%3Aaction%3Dlightbox%26settings%3DeyJpZCI6MjUyMywidXJsIjoiaHR0cHM6XC9cL2FjZWxkZXBvLmh1XC93cC1jb250ZW50XC91cGxvYWRzXC8yMDI1XC8xMVwvYWNlbGRlcG8tcmVmZXJlbmNpYS0xNi5qcGciLCJzbGlkZXNob3ciOiI4ODIzYzA4In0%3D\">\n\t\t\t\t\t<div class=\"e-gallery-image elementor-gallery-item__image\" data-thumbnail=\"https:\/\/aceldepo.hu\/wp-content\/uploads\/2025\/11\/aceldepo-referencia-16-768x1024.jpg\" data-width=\"768\" data-height=\"1024\" aria-label=\"\" role=\"img\" ><\/div>\n\t\t\t\t\t\t\t\t\t\t\t<div class=\"elementor-gallery-item__overlay\"><\/div>\n\t\t\t\t\t\t\t\t\t\t\t\t\t\t<\/a>\n\t\t\t\t\t\t\t<a class=\"e-gallery-item elementor-gallery-item elementor-animated-content\" href=\"https:\/\/aceldepo.hu\/wp-content\/uploads\/2025\/11\/aceldepo-referencia-17.jpg\" data-elementor-open-lightbox=\"yes\" data-elementor-lightbox-slideshow=\"8823c08\" data-elementor-lightbox-title=\"aceldepo-referencia-17\" data-e-action-hash=\"#elementor-action%3Aaction%3Dlightbox%26settings%3DeyJpZCI6MjUyNCwidXJsIjoiaHR0cHM6XC9cL2FjZWxkZXBvLmh1XC93cC1jb250ZW50XC91cGxvYWRzXC8yMDI1XC8xMVwvYWNlbGRlcG8tcmVmZXJlbmNpYS0xNy5qcGciLCJzbGlkZXNob3ciOiI4ODIzYzA4In0%3D\">\n\t\t\t\t\t<div class=\"e-gallery-image elementor-gallery-item__image\" data-thumbnail=\"https:\/\/aceldepo.hu\/wp-content\/uploads\/2025\/11\/aceldepo-referencia-17-768x1024.jpg\" data-width=\"768\" data-height=\"1024\" aria-label=\"\" role=\"img\" ><\/div>\n\t\t\t\t\t\t\t\t\t\t\t<div class=\"elementor-gallery-item__overlay\"><\/div>\n\t\t\t\t\t\t\t\t\t\t\t\t\t\t<\/a>\n\t\t\t\t\t\t\t<a class=\"e-gallery-item elementor-gallery-item elementor-animated-content\" href=\"https:\/\/aceldepo.hu\/wp-content\/uploads\/2025\/11\/aceldepo-referencia-18.jpg\" data-elementor-open-lightbox=\"yes\" data-elementor-lightbox-slideshow=\"8823c08\" data-elementor-lightbox-title=\"aceldepo-referencia-18\" data-e-action-hash=\"#elementor-action%3Aaction%3Dlightbox%26settings%3DeyJpZCI6MjUyNSwidXJsIjoiaHR0cHM6XC9cL2FjZWxkZXBvLmh1XC93cC1jb250ZW50XC91cGxvYWRzXC8yMDI1XC8xMVwvYWNlbGRlcG8tcmVmZXJlbmNpYS0xOC5qcGciLCJzbGlkZXNob3ciOiI4ODIzYzA4In0%3D\">\n\t\t\t\t\t<div class=\"e-gallery-image elementor-gallery-item__image\" data-thumbnail=\"https:\/\/aceldepo.hu\/wp-content\/uploads\/2025\/11\/aceldepo-referencia-18-768x1024.jpg\" data-width=\"768\" data-height=\"1024\" aria-label=\"\" role=\"img\" ><\/div>\n\t\t\t\t\t\t\t\t\t\t\t<div class=\"elementor-gallery-item__overlay\"><\/div>\n\t\t\t\t\t\t\t\t\t\t\t\t\t\t<\/a>\n\t\t\t\t\t<\/div>\n\t\t\t\t\t<\/div>\n\t\t\t\t<\/div>\n\t\t\t\t\t<\/div>\n\t\t\t\t<\/div>\n\t\t\t\t<\/div>\n\t\t","protected":false},"excerpt":{"rendered":"<p>Kivitelez\u00e9s Te meg\u00e1lmodod, mi pedig saj\u00e1t alapanyagb\u00f3l legy\u00e1rtjuk, majd a helysz\u00ednen fel\u00e9p\u00edtj\u00fck! Kisebb lakatosmunk\u00e1kat v\u00e1llalunk! \u00dasz\u00f3kapuk, ker\u00edt\u00e9sek, f\u00e9ltet\u0151k, mobilgar\u00e1zsok, ac\u00e9lszerkezetek. Min\u0151s\u00e9gi helyi alapanyagok, profi csapat&#8230;.<\/p>\n","protected":false},"author":3,"featured_media":882,"parent":0,"menu_order":0,"comment_status":"closed","ping_status":"closed","template":"elementor_header_footer","meta":{"footnotes":""},"class_list":["post-2506","page","type-page","status-publish","has-post-thumbnail","hentry"],"_links":{"self":[{"href":"https:\/\/aceldepo.hu\/index.php\/wp-json\/wp\/v2\/pages\/2506","targetHints":{"allow":["GET"]}}],"collection":[{"href":"https:\/\/aceldepo.hu\/index.php\/wp-json\/wp\/v2\/pages"}],"about":[{"href":"https:\/\/aceldepo.hu\/index.php\/wp-json\/wp\/v2\/types\/page"}],"author":[{"embeddable":true,"href":"https:\/\/aceldepo.hu\/index.php\/wp-json\/wp\/v2\/users\/3"}],"replies":[{"embeddable":true,"href":"https:\/\/aceldepo.hu\/index.php\/wp-json\/wp\/v2\/comments?post=2506"}],"version-history":[{"count":7,"href":"https:\/\/aceldepo.hu\/index.php\/wp-json\/wp\/v2\/pages\/2506\/revisions"}],"predecessor-version":[{"id":2531,"href":"https:\/\/aceldepo.hu\/index.php\/wp-json\/wp\/v2\/pages\/2506\/revisions\/2531"}],"wp:featuredmedia":[{"embeddable":true,"href":"https:\/\/aceldepo.hu\/index.php\/wp-json\/wp\/v2\/media\/882"}],"wp:attachment":[{"href":"https:\/\/aceldepo.hu\/index.php\/wp-json\/wp\/v2\/media?parent=2506"}],"curies":[{"name":"wp","href":"https:\/\/api.w.org\/{rel}","templated":true}]}}