{"id":2776,"date":"2025-12-10T08:25:00","date_gmt":"2025-12-10T08:25:00","guid":{"rendered":"https:\/\/aceldepo.hu\/?page_id=2776"},"modified":"2025-12-10T08:43:59","modified_gmt":"2025-12-10T08:43:59","slug":"metal-sheet-szendvicspanelek","status":"publish","type":"page","link":"https:\/\/aceldepo.hu\/index.php\/szendvicspanelek\/metal-sheet-szendvicspanelek\/","title":{"rendered":"Metal-Sheet szendvicspanelek"},"content":{"rendered":"\t\t<div data-elementor-type=\"wp-page\" data-elementor-id=\"2776\" class=\"elementor elementor-2776\" data-elementor-post-type=\"page\">\n\t\t\t\t<div class=\"elementor-element elementor-element-8ec2fff e-con-full e-flex e-con e-parent\" data-id=\"8ec2fff\" data-element_type=\"container\" data-settings=\"{&quot;background_background&quot;:&quot;classic&quot;}\">\n\t\t<div class=\"elementor-element elementor-element-e6cb4c8 e-flex e-con-boxed e-con e-child\" data-id=\"e6cb4c8\" data-element_type=\"container\">\n\t\t\t\t\t<div class=\"e-con-inner\">\n\t\t\t\t<div class=\"elementor-element elementor-element-3a661fb elementor-widget elementor-widget-text-editor\" data-id=\"3a661fb\" data-element_type=\"widget\" data-widget_type=\"text-editor.default\">\n\t\t\t\t<div class=\"elementor-widget-container\">\n\t\t\t\t\t\t\t\t\t<h1><span style=\"color: #ffffff;\">H\u0151szigetel\u0151 panelek<\/span><\/h1>\t\t\t\t\t\t\t\t<\/div>\n\t\t\t\t<\/div>\n\t\t\t\t\t<\/div>\n\t\t\t\t<\/div>\n\t\t\t\t<\/div>\n\t\t<div class=\"elementor-element elementor-element-dc49b6e e-con-full e-flex e-con e-parent\" data-id=\"dc49b6e\" data-element_type=\"container\" data-settings=\"{&quot;background_background&quot;:&quot;classic&quot;}\">\n\t\t<div class=\"elementor-element elementor-element-3b5046e e-flex e-con-boxed e-con e-child\" data-id=\"3b5046e\" data-element_type=\"container\">\n\t\t\t\t\t<div class=\"e-con-inner\">\n\t\t\t\t<div class=\"elementor-element elementor-element-a46c968 elementor-posts--align-center elementor-grid-3 elementor-grid-tablet-2 elementor-grid-mobile-1 elementor-posts--thumbnail-top elementor-posts__hover-gradient elementor-widget elementor-widget-posts\" data-id=\"a46c968\" data-element_type=\"widget\" data-settings=\"{&quot;cards_columns&quot;:&quot;3&quot;,&quot;cards_columns_tablet&quot;:&quot;2&quot;,&quot;cards_columns_mobile&quot;:&quot;1&quot;,&quot;cards_row_gap&quot;:{&quot;unit&quot;:&quot;px&quot;,&quot;size&quot;:35,&quot;sizes&quot;:[]},&quot;cards_row_gap_tablet&quot;:{&quot;unit&quot;:&quot;px&quot;,&quot;size&quot;:&quot;&quot;,&quot;sizes&quot;:[]},&quot;cards_row_gap_mobile&quot;:{&quot;unit&quot;:&quot;px&quot;,&quot;size&quot;:&quot;&quot;,&quot;sizes&quot;:[]}}\" data-widget_type=\"posts.cards\">\n\t\t\t\t<div class=\"elementor-widget-container\">\n\t\t\t\t\t\t\t<div class=\"elementor-posts-container elementor-posts elementor-posts--skin-cards elementor-grid\" role=\"list\">\n\t\t\t\t<article class=\"elementor-post elementor-grid-item post-432 page type-page status-publish has-post-thumbnail hentry\" role=\"listitem\">\n\t\t\t<div class=\"elementor-post__card\">\n\t\t\t\t<a class=\"elementor-post__thumbnail__link\" href=\"https:\/\/aceldepo.hu\/index.php\/szendvicspanelek\/metal-sheet-szendvicspanelek\/asvanygyapot-tetopanel\/\" tabindex=\"-1\" ><div class=\"elementor-post__thumbnail\"><img fetchpriority=\"high\" decoding=\"async\" width=\"768\" height=\"323\" src=\"https:\/\/aceldepo.hu\/wp-content\/uploads\/2024\/06\/aceldepo-768x323.jpg\" class=\"attachment-medium_large size-medium_large wp-image-882\" alt=\"\" srcset=\"https:\/\/aceldepo.hu\/wp-content\/uploads\/2024\/06\/aceldepo-768x323.jpg 768w, https:\/\/aceldepo.hu\/wp-content\/uploads\/2024\/06\/aceldepo-300x126.jpg 300w, https:\/\/aceldepo.hu\/wp-content\/uploads\/2024\/06\/aceldepo-1024x431.jpg 1024w, https:\/\/aceldepo.hu\/wp-content\/uploads\/2024\/06\/aceldepo-1536x646.jpg 1536w, https:\/\/aceldepo.hu\/wp-content\/uploads\/2024\/06\/aceldepo-1x1.jpg 1w, https:\/\/aceldepo.hu\/wp-content\/uploads\/2024\/06\/aceldepo-10x4.jpg 10w, https:\/\/aceldepo.hu\/wp-content\/uploads\/2024\/06\/aceldepo.jpg 1921w\" sizes=\"(max-width: 768px) 100vw, 768px\" \/><\/div><\/a>\n\t\t\t\t<div class=\"elementor-post__text\">\n\t\t\t\t<h3 class=\"elementor-post__title\">\n\t\t\t<a href=\"https:\/\/aceldepo.hu\/index.php\/szendvicspanelek\/metal-sheet-szendvicspanelek\/asvanygyapot-tetopanel\/\" >\n\t\t\t\t\u00c1sv\u00e1nygyapot tet\u0151panel\t\t\t<\/a>\n\t\t<\/h3>\n\t\t\t\t<\/div>\n\t\t\t\t\t<\/div>\n\t\t<\/article>\n\t\t\t\t<article class=\"elementor-post elementor-grid-item post-444 page type-page status-publish has-post-thumbnail hentry\" role=\"listitem\">\n\t\t\t<div class=\"elementor-post__card\">\n\t\t\t\t<a class=\"elementor-post__thumbnail__link\" href=\"https:\/\/aceldepo.hu\/index.php\/szendvicspanelek\/metal-sheet-szendvicspanelek\/asvanygyapotos-oldalpanel-latszo-rogzitessel\/\" tabindex=\"-1\" ><div class=\"elementor-post__thumbnail\"><img fetchpriority=\"high\" decoding=\"async\" width=\"768\" height=\"323\" src=\"https:\/\/aceldepo.hu\/wp-content\/uploads\/2024\/06\/aceldepo-768x323.jpg\" class=\"attachment-medium_large size-medium_large wp-image-882\" alt=\"\" srcset=\"https:\/\/aceldepo.hu\/wp-content\/uploads\/2024\/06\/aceldepo-768x323.jpg 768w, https:\/\/aceldepo.hu\/wp-content\/uploads\/2024\/06\/aceldepo-300x126.jpg 300w, https:\/\/aceldepo.hu\/wp-content\/uploads\/2024\/06\/aceldepo-1024x431.jpg 1024w, https:\/\/aceldepo.hu\/wp-content\/uploads\/2024\/06\/aceldepo-1536x646.jpg 1536w, https:\/\/aceldepo.hu\/wp-content\/uploads\/2024\/06\/aceldepo-1x1.jpg 1w, https:\/\/aceldepo.hu\/wp-content\/uploads\/2024\/06\/aceldepo-10x4.jpg 10w, https:\/\/aceldepo.hu\/wp-content\/uploads\/2024\/06\/aceldepo.jpg 1921w\" sizes=\"(max-width: 768px) 100vw, 768px\" \/><\/div><\/a>\n\t\t\t\t<div class=\"elementor-post__text\">\n\t\t\t\t<h3 class=\"elementor-post__title\">\n\t\t\t<a href=\"https:\/\/aceldepo.hu\/index.php\/szendvicspanelek\/metal-sheet-szendvicspanelek\/asvanygyapotos-oldalpanel-latszo-rogzitessel\/\" >\n\t\t\t\t\u00c1sv\u00e1nygyapotos oldalpanel l\u00e1tsz\u00f3 r\u00f6gz\u00edt\u00e9ssel\t\t\t<\/a>\n\t\t<\/h3>\n\t\t\t\t<\/div>\n\t\t\t\t\t<\/div>\n\t\t<\/article>\n\t\t\t\t<article class=\"elementor-post elementor-grid-item post-375 page type-page status-publish has-post-thumbnail hentry\" role=\"listitem\">\n\t\t\t<div class=\"elementor-post__card\">\n\t\t\t\t<a class=\"elementor-post__thumbnail__link\" href=\"https:\/\/aceldepo.hu\/index.php\/szendvicspanelek\/metal-sheet-szendvicspanelek\/pir-oldalfalpanel-latszo-rogzitessel\/\" tabindex=\"-1\" ><div class=\"elementor-post__thumbnail\"><img fetchpriority=\"high\" decoding=\"async\" width=\"768\" height=\"323\" src=\"https:\/\/aceldepo.hu\/wp-content\/uploads\/2024\/06\/aceldepo-768x323.jpg\" class=\"attachment-medium_large size-medium_large wp-image-882\" alt=\"\" srcset=\"https:\/\/aceldepo.hu\/wp-content\/uploads\/2024\/06\/aceldepo-768x323.jpg 768w, https:\/\/aceldepo.hu\/wp-content\/uploads\/2024\/06\/aceldepo-300x126.jpg 300w, https:\/\/aceldepo.hu\/wp-content\/uploads\/2024\/06\/aceldepo-1024x431.jpg 1024w, https:\/\/aceldepo.hu\/wp-content\/uploads\/2024\/06\/aceldepo-1536x646.jpg 1536w, https:\/\/aceldepo.hu\/wp-content\/uploads\/2024\/06\/aceldepo-1x1.jpg 1w, https:\/\/aceldepo.hu\/wp-content\/uploads\/2024\/06\/aceldepo-10x4.jpg 10w, https:\/\/aceldepo.hu\/wp-content\/uploads\/2024\/06\/aceldepo.jpg 1921w\" sizes=\"(max-width: 768px) 100vw, 768px\" \/><\/div><\/a>\n\t\t\t\t<div class=\"elementor-post__text\">\n\t\t\t\t<h3 class=\"elementor-post__title\">\n\t\t\t<a href=\"https:\/\/aceldepo.hu\/index.php\/szendvicspanelek\/metal-sheet-szendvicspanelek\/pir-oldalfalpanel-latszo-rogzitessel\/\" >\n\t\t\t\tPIR Oldalfalpanel l\u00e1tsz\u00f3 r\u00f6gz\u00edt\u00e9ssel\t\t\t<\/a>\n\t\t<\/h3>\n\t\t\t\t<\/div>\n\t\t\t\t\t<\/div>\n\t\t<\/article>\n\t\t\t\t<article class=\"elementor-post elementor-grid-item post-395 page type-page status-publish has-post-thumbnail hentry\" role=\"listitem\">\n\t\t\t<div class=\"elementor-post__card\">\n\t\t\t\t<a class=\"elementor-post__thumbnail__link\" href=\"https:\/\/aceldepo.hu\/index.php\/szendvicspanelek\/metal-sheet-szendvicspanelek\/pir-oldalfalpanel-latszo-rogzitessel-2\/\" tabindex=\"-1\" ><div class=\"elementor-post__thumbnail\"><img fetchpriority=\"high\" decoding=\"async\" width=\"768\" height=\"323\" src=\"https:\/\/aceldepo.hu\/wp-content\/uploads\/2024\/06\/aceldepo-768x323.jpg\" class=\"attachment-medium_large size-medium_large wp-image-882\" alt=\"\" srcset=\"https:\/\/aceldepo.hu\/wp-content\/uploads\/2024\/06\/aceldepo-768x323.jpg 768w, https:\/\/aceldepo.hu\/wp-content\/uploads\/2024\/06\/aceldepo-300x126.jpg 300w, https:\/\/aceldepo.hu\/wp-content\/uploads\/2024\/06\/aceldepo-1024x431.jpg 1024w, https:\/\/aceldepo.hu\/wp-content\/uploads\/2024\/06\/aceldepo-1536x646.jpg 1536w, https:\/\/aceldepo.hu\/wp-content\/uploads\/2024\/06\/aceldepo-1x1.jpg 1w, https:\/\/aceldepo.hu\/wp-content\/uploads\/2024\/06\/aceldepo-10x4.jpg 10w, https:\/\/aceldepo.hu\/wp-content\/uploads\/2024\/06\/aceldepo.jpg 1921w\" sizes=\"(max-width: 768px) 100vw, 768px\" \/><\/div><\/a>\n\t\t\t\t<div class=\"elementor-post__text\">\n\t\t\t\t<h3 class=\"elementor-post__title\">\n\t\t\t<a href=\"https:\/\/aceldepo.hu\/index.php\/szendvicspanelek\/metal-sheet-szendvicspanelek\/pir-oldalfalpanel-latszo-rogzitessel-2\/\" >\n\t\t\t\tPIR Oldalfalpanel rejtett r\u00f6gz\u00edt\u00e9ssel\t\t\t<\/a>\n\t\t<\/h3>\n\t\t\t\t<\/div>\n\t\t\t\t\t<\/div>\n\t\t<\/article>\n\t\t\t\t<article class=\"elementor-post elementor-grid-item post-341 page type-page status-publish has-post-thumbnail hentry\" role=\"listitem\">\n\t\t\t<div class=\"elementor-post__card\">\n\t\t\t\t<a class=\"elementor-post__thumbnail__link\" href=\"https:\/\/aceldepo.hu\/index.php\/szendvicspanelek\/metal-sheet-szendvicspanelek\/t8-as-profil-3\/\" tabindex=\"-1\" ><div class=\"elementor-post__thumbnail\"><img fetchpriority=\"high\" decoding=\"async\" width=\"768\" height=\"323\" src=\"https:\/\/aceldepo.hu\/wp-content\/uploads\/2024\/06\/aceldepo-768x323.jpg\" class=\"attachment-medium_large size-medium_large wp-image-882\" alt=\"\" srcset=\"https:\/\/aceldepo.hu\/wp-content\/uploads\/2024\/06\/aceldepo-768x323.jpg 768w, https:\/\/aceldepo.hu\/wp-content\/uploads\/2024\/06\/aceldepo-300x126.jpg 300w, https:\/\/aceldepo.hu\/wp-content\/uploads\/2024\/06\/aceldepo-1024x431.jpg 1024w, https:\/\/aceldepo.hu\/wp-content\/uploads\/2024\/06\/aceldepo-1536x646.jpg 1536w, https:\/\/aceldepo.hu\/wp-content\/uploads\/2024\/06\/aceldepo-1x1.jpg 1w, https:\/\/aceldepo.hu\/wp-content\/uploads\/2024\/06\/aceldepo-10x4.jpg 10w, https:\/\/aceldepo.hu\/wp-content\/uploads\/2024\/06\/aceldepo.jpg 1921w\" sizes=\"(max-width: 768px) 100vw, 768px\" \/><\/div><\/a>\n\t\t\t\t<div class=\"elementor-post__text\">\n\t\t\t\t<h3 class=\"elementor-post__title\">\n\t\t\t<a href=\"https:\/\/aceldepo.hu\/index.php\/szendvicspanelek\/metal-sheet-szendvicspanelek\/t8-as-profil-3\/\" >\n\t\t\t\tPIR Tet\u0151panel\t\t\t<\/a>\n\t\t<\/h3>\n\t\t\t\t<\/div>\n\t\t\t\t\t<\/div>\n\t\t<\/article>\n\t\t\t\t<article class=\"elementor-post elementor-grid-item post-413 page type-page status-publish has-post-thumbnail hentry\" role=\"listitem\">\n\t\t\t<div class=\"elementor-post__card\">\n\t\t\t\t<a class=\"elementor-post__thumbnail__link\" href=\"https:\/\/aceldepo.hu\/index.php\/szendvicspanelek\/metal-sheet-szendvicspanelek\/pur-oldalfalpanel-latszo-rogzitessel\/\" tabindex=\"-1\" ><div class=\"elementor-post__thumbnail\"><img fetchpriority=\"high\" decoding=\"async\" width=\"768\" height=\"323\" src=\"https:\/\/aceldepo.hu\/wp-content\/uploads\/2024\/06\/aceldepo-768x323.jpg\" class=\"attachment-medium_large size-medium_large wp-image-882\" alt=\"\" srcset=\"https:\/\/aceldepo.hu\/wp-content\/uploads\/2024\/06\/aceldepo-768x323.jpg 768w, https:\/\/aceldepo.hu\/wp-content\/uploads\/2024\/06\/aceldepo-300x126.jpg 300w, https:\/\/aceldepo.hu\/wp-content\/uploads\/2024\/06\/aceldepo-1024x431.jpg 1024w, https:\/\/aceldepo.hu\/wp-content\/uploads\/2024\/06\/aceldepo-1536x646.jpg 1536w, https:\/\/aceldepo.hu\/wp-content\/uploads\/2024\/06\/aceldepo-1x1.jpg 1w, https:\/\/aceldepo.hu\/wp-content\/uploads\/2024\/06\/aceldepo-10x4.jpg 10w, https:\/\/aceldepo.hu\/wp-content\/uploads\/2024\/06\/aceldepo.jpg 1921w\" sizes=\"(max-width: 768px) 100vw, 768px\" \/><\/div><\/a>\n\t\t\t\t<div class=\"elementor-post__text\">\n\t\t\t\t<h3 class=\"elementor-post__title\">\n\t\t\t<a href=\"https:\/\/aceldepo.hu\/index.php\/szendvicspanelek\/metal-sheet-szendvicspanelek\/pur-oldalfalpanel-latszo-rogzitessel\/\" >\n\t\t\t\tPUR Oldalfalpanel l\u00e1tsz\u00f3 r\u00f6gz\u00edt\u00e9ssel\t\t\t<\/a>\n\t\t<\/h3>\n\t\t\t\t<\/div>\n\t\t\t\t\t<\/div>\n\t\t<\/article>\n\t\t\t\t<article class=\"elementor-post elementor-grid-item post-425 page type-page status-publish has-post-thumbnail hentry\" role=\"listitem\">\n\t\t\t<div class=\"elementor-post__card\">\n\t\t\t\t<a class=\"elementor-post__thumbnail__link\" href=\"https:\/\/aceldepo.hu\/index.php\/szendvicspanelek\/metal-sheet-szendvicspanelek\/pur-oldalfalpanel-rejtett-rogzitessel\/\" tabindex=\"-1\" ><div class=\"elementor-post__thumbnail\"><img fetchpriority=\"high\" decoding=\"async\" width=\"768\" height=\"323\" src=\"https:\/\/aceldepo.hu\/wp-content\/uploads\/2024\/06\/aceldepo-768x323.jpg\" class=\"attachment-medium_large size-medium_large wp-image-882\" alt=\"\" srcset=\"https:\/\/aceldepo.hu\/wp-content\/uploads\/2024\/06\/aceldepo-768x323.jpg 768w, https:\/\/aceldepo.hu\/wp-content\/uploads\/2024\/06\/aceldepo-300x126.jpg 300w, https:\/\/aceldepo.hu\/wp-content\/uploads\/2024\/06\/aceldepo-1024x431.jpg 1024w, https:\/\/aceldepo.hu\/wp-content\/uploads\/2024\/06\/aceldepo-1536x646.jpg 1536w, https:\/\/aceldepo.hu\/wp-content\/uploads\/2024\/06\/aceldepo-1x1.jpg 1w, https:\/\/aceldepo.hu\/wp-content\/uploads\/2024\/06\/aceldepo-10x4.jpg 10w, https:\/\/aceldepo.hu\/wp-content\/uploads\/2024\/06\/aceldepo.jpg 1921w\" sizes=\"(max-width: 768px) 100vw, 768px\" \/><\/div><\/a>\n\t\t\t\t<div class=\"elementor-post__text\">\n\t\t\t\t<h3 class=\"elementor-post__title\">\n\t\t\t<a href=\"https:\/\/aceldepo.hu\/index.php\/szendvicspanelek\/metal-sheet-szendvicspanelek\/pur-oldalfalpanel-rejtett-rogzitessel\/\" >\n\t\t\t\tPUR Oldalfalpanel rejtett r\u00f6gz\u00edt\u00e9ssel\t\t\t<\/a>\n\t\t<\/h3>\n\t\t\t\t<\/div>\n\t\t\t\t\t<\/div>\n\t\t<\/article>\n\t\t\t\t<article class=\"elementor-post elementor-grid-item post-401 page type-page status-publish has-post-thumbnail hentry\" role=\"listitem\">\n\t\t\t<div class=\"elementor-post__card\">\n\t\t\t\t<a class=\"elementor-post__thumbnail__link\" href=\"https:\/\/aceldepo.hu\/index.php\/szendvicspanelek\/metal-sheet-szendvicspanelek\/pur-tetopanel\/\" tabindex=\"-1\" ><div class=\"elementor-post__thumbnail\"><img fetchpriority=\"high\" decoding=\"async\" width=\"768\" height=\"323\" src=\"https:\/\/aceldepo.hu\/wp-content\/uploads\/2024\/06\/aceldepo-768x323.jpg\" class=\"attachment-medium_large size-medium_large wp-image-882\" alt=\"\" srcset=\"https:\/\/aceldepo.hu\/wp-content\/uploads\/2024\/06\/aceldepo-768x323.jpg 768w, https:\/\/aceldepo.hu\/wp-content\/uploads\/2024\/06\/aceldepo-300x126.jpg 300w, https:\/\/aceldepo.hu\/wp-content\/uploads\/2024\/06\/aceldepo-1024x431.jpg 1024w, https:\/\/aceldepo.hu\/wp-content\/uploads\/2024\/06\/aceldepo-1536x646.jpg 1536w, https:\/\/aceldepo.hu\/wp-content\/uploads\/2024\/06\/aceldepo-1x1.jpg 1w, https:\/\/aceldepo.hu\/wp-content\/uploads\/2024\/06\/aceldepo-10x4.jpg 10w, https:\/\/aceldepo.hu\/wp-content\/uploads\/2024\/06\/aceldepo.jpg 1921w\" sizes=\"(max-width: 768px) 100vw, 768px\" \/><\/div><\/a>\n\t\t\t\t<div class=\"elementor-post__text\">\n\t\t\t\t<h3 class=\"elementor-post__title\">\n\t\t\t<a href=\"https:\/\/aceldepo.hu\/index.php\/szendvicspanelek\/metal-sheet-szendvicspanelek\/pur-tetopanel\/\" >\n\t\t\t\tPUR Tet\u0151panel\t\t\t<\/a>\n\t\t<\/h3>\n\t\t\t\t<\/div>\n\t\t\t\t\t<\/div>\n\t\t<\/article>\n\t\t\t\t<\/div>\n\t\t\n\t\t\t\t\t\t<\/div>\n\t\t\t\t<\/div>\n\t\t\t\t\t<\/div>\n\t\t\t\t<\/div>\n\t\t\t\t<\/div>\n\t\t\t\t<\/div>\n\t\t","protected":false},"excerpt":{"rendered":"<p>H\u0151szigetel\u0151 panelek<\/p>\n","protected":false},"author":3,"featured_media":2785,"parent":1300,"menu_order":0,"comment_status":"closed","ping_status":"closed","template":"elementor_header_footer","meta":{"footnotes":""},"class_list":["post-2776","page","type-page","status-publish","has-post-thumbnail","hentry"],"_links":{"self":[{"href":"https:\/\/aceldepo.hu\/index.php\/wp-json\/wp\/v2\/pages\/2776","targetHints":{"allow":["GET"]}}],"collection":[{"href":"https:\/\/aceldepo.hu\/index.php\/wp-json\/wp\/v2\/pages"}],"about":[{"href":"https:\/\/aceldepo.hu\/index.php\/wp-json\/wp\/v2\/types\/page"}],"author":[{"embeddable":true,"href":"https:\/\/aceldepo.hu\/index.php\/wp-json\/wp\/v2\/users\/3"}],"replies":[{"embeddable":true,"href":"https:\/\/aceldepo.hu\/index.php\/wp-json\/wp\/v2\/comments?post=2776"}],"version-history":[{"count":7,"href":"https:\/\/aceldepo.hu\/index.php\/wp-json\/wp\/v2\/pages\/2776\/revisions"}],"predecessor-version":[{"id":2783,"href":"https:\/\/aceldepo.hu\/index.php\/wp-json\/wp\/v2\/pages\/2776\/revisions\/2783"}],"up":[{"embeddable":true,"href":"https:\/\/aceldepo.hu\/index.php\/wp-json\/wp\/v2\/pages\/1300"}],"wp:featuredmedia":[{"embeddable":true,"href":"https:\/\/aceldepo.hu\/index.php\/wp-json\/wp\/v2\/media\/2785"}],"wp:attachment":[{"href":"https:\/\/aceldepo.hu\/index.php\/wp-json\/wp\/v2\/media?parent=2776"}],"curies":[{"name":"wp","href":"https:\/\/api.w.org\/{rel}","templated":true}]}}