{"id":620,"date":"2024-06-18T22:28:21","date_gmt":"2024-06-18T20:28:21","guid":{"rendered":"https:\/\/aceldepo.blureen.hu\/?page_id=620"},"modified":"2024-10-02T19:25:46","modified_gmt":"2024-10-02T19:25:46","slug":"femkerites-pannok-l","status":"publish","type":"page","link":"https:\/\/aceldepo.hu\/index.php\/termekek\/keriteselemek\/femkerites-pannok-l\/","title":{"rendered":"F\u00e9mker\u00edt\u00e9s pann\u00f3k L"},"content":{"rendered":"\t\t<div data-elementor-type=\"wp-page\" data-elementor-id=\"620\" class=\"elementor elementor-620\" data-elementor-post-type=\"page\">\n\t\t\t\t<div class=\"elementor-element elementor-element-8ec2fff e-con-full e-flex e-con e-parent\" data-id=\"8ec2fff\" data-element_type=\"container\" data-settings=\"{&quot;background_background&quot;:&quot;classic&quot;}\">\n\t\t<div class=\"elementor-element elementor-element-e6cb4c8 e-flex e-con-boxed e-con e-child\" data-id=\"e6cb4c8\" data-element_type=\"container\">\n\t\t\t\t\t<div class=\"e-con-inner\">\n\t\t\t\t<div class=\"elementor-element elementor-element-3a661fb elementor-widget elementor-widget-text-editor\" data-id=\"3a661fb\" data-element_type=\"widget\" data-widget_type=\"text-editor.default\">\n\t\t\t\t<div class=\"elementor-widget-container\">\n\t\t\t\t\t\t\t\t\t<h1><span style=\"color: #ffffff;\">F\u00e9mker\u00edt\u00e9s pann\u00f3k L<\/span><\/h1>\t\t\t\t\t\t\t\t<\/div>\n\t\t\t\t<\/div>\n\t\t\t\t\t<\/div>\n\t\t\t\t<\/div>\n\t\t\t\t<\/div>\n\t\t<div class=\"elementor-element elementor-element-f7b4f93 e-flex e-con-boxed e-con e-parent\" data-id=\"f7b4f93\" data-element_type=\"container\">\n\t\t\t\t\t<div class=\"e-con-inner\">\n\t\t<div class=\"elementor-element elementor-element-033acf9 e-grid e-con-boxed e-con e-child\" data-id=\"033acf9\" data-element_type=\"container\">\n\t\t\t\t\t<div class=\"e-con-inner\">\n\t\t<div class=\"elementor-element elementor-element-76049d0 e-flex e-con-boxed e-con e-child\" data-id=\"76049d0\" data-element_type=\"container\">\n\t\t\t\t\t<div class=\"e-con-inner\">\n\t\t\t\t<div class=\"elementor-element elementor-element-689dfdd elementor-widget elementor-widget-text-editor\" data-id=\"689dfdd\" data-element_type=\"widget\" data-widget_type=\"text-editor.default\">\n\t\t\t\t<div class=\"elementor-widget-container\">\n\t\t\t\t\t\t\t\t\t<p style=\"text-align: left; font-size: 18px;\">A Wetterbest f\u00e9mlemez ker\u00edt\u00e9spanelek modern megold\u00e1st jelentenek a k\u00fclt\u00e9ri terek lez\u00e1r\u00e1s\u00e1ra \u00e9s elhat\u00e1rol\u00e1s\u00e1ra.<\/p>\t\t\t\t\t\t\t\t<\/div>\n\t\t\t\t<\/div>\n\t\t\t\t\t<\/div>\n\t\t\t\t<\/div>\n\t\t<div class=\"elementor-element elementor-element-792a957 e-flex e-con-boxed e-con e-child\" data-id=\"792a957\" data-element_type=\"container\">\n\t\t\t\t\t<div class=\"e-con-inner\">\n\t\t\t\t<div class=\"elementor-element elementor-element-70456fb elementor-widget elementor-widget-image\" data-id=\"70456fb\" data-element_type=\"widget\" data-widget_type=\"image.default\">\n\t\t\t\t<div class=\"elementor-widget-container\">\n\t\t\t\t\t\t\t\t\t\t\t\t\t\t\t<img fetchpriority=\"high\" decoding=\"async\" width=\"788\" height=\"471\" src=\"https:\/\/aceldepo.hu\/wp-content\/uploads\/xstore\/xstore-placeholder-168x100.png\" class=\"attachment-large size-large wp-image-622 lazyload lazyload-simple et-lazyload-fadeIn\" alt=\"\" sizes=\"(max-width: 788px) 100vw, 788px\" data-src=\"https:\/\/aceldepo.hu\/wp-content\/uploads\/2024\/06\/fem-kerites-pannok-L.jpg\" data-srcset=\"https:\/\/aceldepo.hu\/wp-content\/uploads\/2024\/06\/fem-kerites-pannok-L.jpg 788w, https:\/\/aceldepo.hu\/wp-content\/uploads\/2024\/06\/fem-kerites-pannok-L-300x179.jpg 300w, https:\/\/aceldepo.hu\/wp-content\/uploads\/2024\/06\/fem-kerites-pannok-L-768x459.jpg 768w, https:\/\/aceldepo.hu\/wp-content\/uploads\/2024\/06\/fem-kerites-pannok-L-1x1.jpg 1w, https:\/\/aceldepo.hu\/wp-content\/uploads\/2024\/06\/fem-kerites-pannok-L-10x6.jpg 10w\" \/>\t\t\t\t\t\t\t\t\t\t\t\t\t\t\t<\/div>\n\t\t\t\t<\/div>\n\t\t\t\t\t<\/div>\n\t\t\t\t<\/div>\n\t\t\t\t\t<\/div>\n\t\t\t\t<\/div>\n\t\t\t\t\t<\/div>\n\t\t\t\t<\/div>\n\t\t<div class=\"elementor-element elementor-element-b1937f4 e-flex e-con-boxed e-con e-parent\" data-id=\"b1937f4\" data-element_type=\"container\">\n\t\t\t\t\t<div class=\"e-con-inner\">\n\t\t\t\t<div class=\"elementor-element elementor-element-9aefa1d elementor-widget elementor-widget-text-editor\" data-id=\"9aefa1d\" data-element_type=\"widget\" data-widget_type=\"text-editor.default\">\n\t\t\t\t<div class=\"elementor-widget-container\">\n\t\t\t\t\t\t\t\t\t<h2><span style=\"color: #ffffff;\">R\u00e9szletes le\u00edr\u00e1s<\/span><\/h2>\t\t\t\t\t\t\t\t<\/div>\n\t\t\t\t<\/div>\n\t\t\t\t<div class=\"elementor-element elementor-element-1a05b86 elementor-widget elementor-widget-text-editor\" data-id=\"1a05b86\" data-element_type=\"widget\" data-widget_type=\"text-editor.default\">\n\t\t\t\t<div class=\"elementor-widget-container\">\n\t\t\t\t\t\t\t\t\tA ker\u00edt\u00e9spanelek 0,60 mm vastags\u00e1g\u00fa, horganyzott ac\u00e9lb\u00f3l k\u00e9sz\u00fclnek, cinkv\u00e9delemmel, \u00e9s sz\u00e9les \u00e1rnyalatban kaphat\u00f3 fest\u00e9kkel v\u00e9dik \u0151ket. A Wetterbest f\u00e9m ker\u00edt\u00e9spanel-rendszer minimalista \u00e9s eleg\u00e1ns kialak\u00edt\u00e1s\u00fa, minden sz\u00fcks\u00e9ges szerelv\u00e9nyt tartalmaz, \u00e9s red\u0151ny\u00f6s, f\u00e9lk\u00f6r\u00edves vagy egyenes l\u00e9cek form\u00e1j\u00e1ban is kaphat\u00f3.\n\nA f\u00e9m ker\u00edt\u00e9spanel-rendszer minimalista \u00e9s eleg\u00e1ns kialak\u00edt\u00e1s\u00fa. Ezek k\u00f6nnyen felszerelhet\u0151k beton- vagy ac\u00e9loszlopokra, v\u00edzszintes elrendez\u00e9ssel rendelkeznek. Az ac\u00e9lrudak sz\u00e1ma a projektspecifik\u00e1ci\u00f3t\u00f3l f\u00fcgg\u0151en v\u00e1ltozik. Az ac\u00e9lkiv\u00e1g\u00e1sok a lamell\u00e1s ker\u00edt\u00e9spanelek, illetve a lamell\u00e1k tetsz\u0151leges t\u00e1vols\u00e1gban elhelyezhet\u0151k. A gy\u00e1rt\u00e1si folyamat sor\u00e1n alkalmazott technol\u00f3gia a legmodernebb, ami a ker\u00edt\u00e9sl\u00e9ceknek minden olyan tulajdons\u00e1got biztos\u00edt, ami a kiv\u00e1l\u00f3 min\u0151s\u00e9g\u0171 term\u00e9khez elengedhetetlen.\t\t\t\t\t\t\t\t<\/div>\n\t\t\t\t<\/div>\n\t\t\t\t\t<\/div>\n\t\t\t\t<\/div>\n\t\t<div class=\"elementor-element elementor-element-7d322d3 e-flex e-con-boxed e-con e-parent\" data-id=\"7d322d3\" data-element_type=\"container\">\n\t\t\t\t\t<div class=\"e-con-inner\">\n\t\t\t\t<div class=\"elementor-element elementor-element-4f255f9 elementor-widget elementor-widget-text-editor\" data-id=\"4f255f9\" data-element_type=\"widget\" data-widget_type=\"text-editor.default\">\n\t\t\t\t<div class=\"elementor-widget-container\">\n\t\t\t\t\t\t\t\t\t<h2><span style=\"color: #ffffff;\">M\u0171szaki adatok<\/span><\/h2>\t\t\t\t\t\t\t\t<\/div>\n\t\t\t\t<\/div>\n\t\t<div class=\"elementor-element elementor-element-9a30299 e-flex e-con-boxed e-con e-child\" data-id=\"9a30299\" data-element_type=\"container\">\n\t\t\t\t\t<div class=\"e-con-inner\">\n\t\t\t\t<div class=\"elementor-element elementor-element-cc6e8c0 elementor-widget elementor-widget-text-editor\" data-id=\"cc6e8c0\" data-element_type=\"widget\" data-widget_type=\"text-editor.default\">\n\t\t\t\t<div class=\"elementor-widget-container\">\n\t\t\t\t\t\t\t\t\t<h3>M\u00e9retek<\/h3>\t\t\t\t\t\t\t\t<\/div>\n\t\t\t\t<\/div>\n\t\t<div class=\"elementor-element elementor-element-715ecda e-grid e-con-boxed e-con e-child\" data-id=\"715ecda\" data-element_type=\"container\">\n\t\t\t\t\t<div class=\"e-con-inner\">\n\t\t\t\t<div class=\"elementor-element elementor-element-6b1cbea elementor-widget elementor-widget-text-editor\" data-id=\"6b1cbea\" data-element_type=\"widget\" data-widget_type=\"text-editor.default\">\n\t\t\t\t<div class=\"elementor-widget-container\">\n\t\t\t\t\t\t\t\t\t<p><strong>Hossz:<\/strong> Min. 250mm\/ max. 3000mm<\/p>\t\t\t\t\t\t\t\t<\/div>\n\t\t\t\t<\/div>\n\t\t\t\t\t<\/div>\n\t\t\t\t<\/div>\n\t\t\t\t\t<\/div>\n\t\t\t\t<\/div>\n\t\t<div class=\"elementor-element elementor-element-68ea194 e-flex e-con-boxed e-con e-child\" data-id=\"68ea194\" data-element_type=\"container\">\n\t\t\t\t\t<div class=\"e-con-inner\">\n\t\t\t\t<div class=\"elementor-element elementor-element-402a6e2 elementor-widget elementor-widget-text-editor\" data-id=\"402a6e2\" data-element_type=\"widget\" data-widget_type=\"text-editor.default\">\n\t\t\t\t<div class=\"elementor-widget-container\">\n\t\t\t\t\t\t\t\t\t<h3>Jellemz\u0151k<\/h3>\t\t\t\t\t\t\t\t<\/div>\n\t\t\t\t<\/div>\n\t\t<div class=\"elementor-element elementor-element-f33973b e-grid e-con-boxed e-con e-child\" data-id=\"f33973b\" data-element_type=\"container\">\n\t\t\t\t\t<div class=\"e-con-inner\">\n\t\t\t\t<div class=\"elementor-element elementor-element-b40a5bf elementor-widget elementor-widget-text-editor\" data-id=\"b40a5bf\" data-element_type=\"widget\" data-widget_type=\"text-editor.default\">\n\t\t\t\t<div class=\"elementor-widget-container\">\n\t\t\t\t\t\t\t\t\t<strong>Bevonatok: <\/strong>Fa ut\u00e1nzat, Mat, F\u00e9nyes, F\u00e9nyes dupla el\u0151festett\n\n<strong>M\u0171szaki k\u00f6vetelm\u00e9nyek: <\/strong>PN-EN 10346\n\n<strong>Nyersanyagok: <\/strong>El\u0151festett melegen horganyzott ac\u00e9llemez\t\t\t\t\t\t\t\t<\/div>\n\t\t\t\t<\/div>\n\t\t\t\t\t<\/div>\n\t\t\t\t<\/div>\n\t\t\t\t\t<\/div>\n\t\t\t\t<\/div>\n\t\t<div class=\"elementor-element elementor-element-fa50435 e-grid e-con-boxed e-con e-child\" data-id=\"fa50435\" data-element_type=\"container\">\n\t\t\t\t\t<div class=\"e-con-inner\">\n\t\t<div class=\"elementor-element elementor-element-4397dbf e-flex e-con-boxed e-con e-child\" data-id=\"4397dbf\" data-element_type=\"container\" data-settings=\"{&quot;background_background&quot;:&quot;classic&quot;}\">\n\t\t\t\t\t<div class=\"e-con-inner\">\n\t\t\t\t<div class=\"elementor-element elementor-element-d7ca8d1 elementor-widget elementor-widget-text-editor\" data-id=\"d7ca8d1\" data-element_type=\"widget\" data-widget_type=\"text-editor.default\">\n\t\t\t\t<div class=\"elementor-widget-container\">\n\t\t\t\t\t\t\t\t\t<h4>Fa ut\u00e1nzat<\/h4>\t\t\t\t\t\t\t\t<\/div>\n\t\t\t\t<\/div>\n\t\t\t\t<div class=\"elementor-element elementor-element-c96349d elementor-widget elementor-widget-image\" data-id=\"c96349d\" data-element_type=\"widget\" data-widget_type=\"image.default\">\n\t\t\t\t<div class=\"elementor-widget-container\">\n\t\t\t\t\t\t\t\t\t\t\t\t\t\t\t<img decoding=\"async\" width=\"1024\" height=\"512\" src=\"https:\/\/aceldepo.hu\/wp-content\/uploads\/xstore\/xstore-placeholder-200x100.png\" class=\"attachment-large size-large wp-image-604 lazyload lazyload-simple et-lazyload-fadeIn\" alt=\"\" sizes=\"(max-width: 1024px) 100vw, 1024px\" data-src=\"https:\/\/aceldepo.hu\/wp-content\/uploads\/2024\/06\/fa-utanzat-1024x512.jpg\" data-srcset=\"https:\/\/aceldepo.hu\/wp-content\/uploads\/2024\/06\/fa-utanzat-1024x512.jpg 1024w, https:\/\/aceldepo.hu\/wp-content\/uploads\/2024\/06\/fa-utanzat-300x150.jpg 300w, https:\/\/aceldepo.hu\/wp-content\/uploads\/2024\/06\/fa-utanzat-768x384.jpg 768w, https:\/\/aceldepo.hu\/wp-content\/uploads\/2024\/06\/fa-utanzat-1x1.jpg 1w, https:\/\/aceldepo.hu\/wp-content\/uploads\/2024\/06\/fa-utanzat-10x5.jpg 10w, https:\/\/aceldepo.hu\/wp-content\/uploads\/2024\/06\/fa-utanzat.jpg 1200w\" \/>\t\t\t\t\t\t\t\t\t\t\t\t\t\t\t<\/div>\n\t\t\t\t<\/div>\n\t\t\t\t\t<\/div>\n\t\t\t\t<\/div>\n\t\t<div class=\"elementor-element elementor-element-4061e95 e-flex e-con-boxed e-con e-child\" data-id=\"4061e95\" data-element_type=\"container\" data-settings=\"{&quot;background_background&quot;:&quot;classic&quot;}\">\n\t\t\t\t\t<div class=\"e-con-inner\">\n\t\t\t\t<div class=\"elementor-element elementor-element-ad52438 elementor-widget elementor-widget-text-editor\" data-id=\"ad52438\" data-element_type=\"widget\" data-widget_type=\"text-editor.default\">\n\t\t\t\t<div class=\"elementor-widget-container\">\n\t\t\t\t\t\t\t\t\t<h4>Mat<\/h4>\t\t\t\t\t\t\t\t<\/div>\n\t\t\t\t<\/div>\n\t\t\t\t<div class=\"elementor-element elementor-element-edef9c0 elementor-widget elementor-widget-image\" data-id=\"edef9c0\" data-element_type=\"widget\" data-widget_type=\"image.default\">\n\t\t\t\t<div class=\"elementor-widget-container\">\n\t\t\t\t\t\t\t\t\t\t\t\t\t\t\t<img decoding=\"async\" width=\"1024\" height=\"512\" src=\"https:\/\/aceldepo.hu\/wp-content\/uploads\/xstore\/xstore-placeholder-200x100.png\" class=\"attachment-large size-large wp-image-605 lazyload lazyload-simple et-lazyload-fadeIn\" alt=\"\" sizes=\"(max-width: 1024px) 100vw, 1024px\" data-src=\"https:\/\/aceldepo.hu\/wp-content\/uploads\/2024\/06\/mat-kerites-1024x512.jpg\" data-srcset=\"https:\/\/aceldepo.hu\/wp-content\/uploads\/2024\/06\/mat-kerites-1024x512.jpg 1024w, https:\/\/aceldepo.hu\/wp-content\/uploads\/2024\/06\/mat-kerites-300x150.jpg 300w, https:\/\/aceldepo.hu\/wp-content\/uploads\/2024\/06\/mat-kerites-768x384.jpg 768w, https:\/\/aceldepo.hu\/wp-content\/uploads\/2024\/06\/mat-kerites-1x1.jpg 1w, https:\/\/aceldepo.hu\/wp-content\/uploads\/2024\/06\/mat-kerites-10x5.jpg 10w, https:\/\/aceldepo.hu\/wp-content\/uploads\/2024\/06\/mat-kerites.jpg 1200w\" \/>\t\t\t\t\t\t\t\t\t\t\t\t\t\t\t<\/div>\n\t\t\t\t<\/div>\n\t\t\t\t\t<\/div>\n\t\t\t\t<\/div>\n\t\t<div class=\"elementor-element elementor-element-a0e2301 e-flex e-con-boxed e-con e-child\" data-id=\"a0e2301\" data-element_type=\"container\" data-settings=\"{&quot;background_background&quot;:&quot;classic&quot;}\">\n\t\t\t\t\t<div class=\"e-con-inner\">\n\t\t\t\t<div class=\"elementor-element elementor-element-a4ee2a8 elementor-widget elementor-widget-text-editor\" data-id=\"a4ee2a8\" data-element_type=\"widget\" data-widget_type=\"text-editor.default\">\n\t\t\t\t<div class=\"elementor-widget-container\">\n\t\t\t\t\t\t\t\t\t<h4>F\u00e9nyes<\/h4>\t\t\t\t\t\t\t\t<\/div>\n\t\t\t\t<\/div>\n\t\t\t\t<div class=\"elementor-element elementor-element-488de29 elementor-widget elementor-widget-image\" data-id=\"488de29\" data-element_type=\"widget\" data-widget_type=\"image.default\">\n\t\t\t\t<div class=\"elementor-widget-container\">\n\t\t\t\t\t\t\t\t\t\t\t\t\t\t\t<img loading=\"lazy\" decoding=\"async\" width=\"1024\" height=\"512\" src=\"https:\/\/aceldepo.hu\/wp-content\/uploads\/xstore\/xstore-placeholder-200x100.png\" class=\"attachment-large size-large wp-image-606 lazyload lazyload-simple et-lazyload-fadeIn\" alt=\"\" sizes=\"(max-width: 1024px) 100vw, 1024px\" data-src=\"https:\/\/aceldepo.hu\/wp-content\/uploads\/2024\/06\/fenyes-keriteslec-1024x512.jpg\" data-srcset=\"https:\/\/aceldepo.hu\/wp-content\/uploads\/2024\/06\/fenyes-keriteslec-1024x512.jpg 1024w, https:\/\/aceldepo.hu\/wp-content\/uploads\/2024\/06\/fenyes-keriteslec-300x150.jpg 300w, https:\/\/aceldepo.hu\/wp-content\/uploads\/2024\/06\/fenyes-keriteslec-768x384.jpg 768w, https:\/\/aceldepo.hu\/wp-content\/uploads\/2024\/06\/fenyes-keriteslec-1x1.jpg 1w, https:\/\/aceldepo.hu\/wp-content\/uploads\/2024\/06\/fenyes-keriteslec-10x5.jpg 10w, https:\/\/aceldepo.hu\/wp-content\/uploads\/2024\/06\/fenyes-keriteslec.jpg 1200w\" \/>\t\t\t\t\t\t\t\t\t\t\t\t\t\t\t<\/div>\n\t\t\t\t<\/div>\n\t\t\t\t\t<\/div>\n\t\t\t\t<\/div>\n\t\t<div class=\"elementor-element elementor-element-8d128e6 e-flex e-con-boxed e-con e-child\" data-id=\"8d128e6\" data-element_type=\"container\" data-settings=\"{&quot;background_background&quot;:&quot;classic&quot;}\">\n\t\t\t\t\t<div class=\"e-con-inner\">\n\t\t\t\t<div class=\"elementor-element elementor-element-b459ab9 elementor-widget elementor-widget-text-editor\" data-id=\"b459ab9\" data-element_type=\"widget\" data-widget_type=\"text-editor.default\">\n\t\t\t\t<div class=\"elementor-widget-container\">\n\t\t\t\t\t\t\t\t\t<h4>F\u00e9nyes dupla el\u0151festett<\/h4>\t\t\t\t\t\t\t\t<\/div>\n\t\t\t\t<\/div>\n\t\t\t\t<div class=\"elementor-element elementor-element-f64bfb9 elementor-widget elementor-widget-image\" data-id=\"f64bfb9\" data-element_type=\"widget\" data-widget_type=\"image.default\">\n\t\t\t\t<div class=\"elementor-widget-container\">\n\t\t\t\t\t\t\t\t\t\t\t\t\t\t\t<img loading=\"lazy\" decoding=\"async\" width=\"1024\" height=\"512\" src=\"https:\/\/aceldepo.hu\/wp-content\/uploads\/xstore\/xstore-placeholder-200x100.png\" class=\"attachment-large size-large wp-image-607 lazyload lazyload-simple et-lazyload-fadeIn\" alt=\"\" sizes=\"(max-width: 1024px) 100vw, 1024px\" data-src=\"https:\/\/aceldepo.hu\/wp-content\/uploads\/2024\/06\/fenyes-dupla-elofestett-keriteslec-1024x512.jpg\" data-srcset=\"https:\/\/aceldepo.hu\/wp-content\/uploads\/2024\/06\/fenyes-dupla-elofestett-keriteslec-1024x512.jpg 1024w, https:\/\/aceldepo.hu\/wp-content\/uploads\/2024\/06\/fenyes-dupla-elofestett-keriteslec-300x150.jpg 300w, https:\/\/aceldepo.hu\/wp-content\/uploads\/2024\/06\/fenyes-dupla-elofestett-keriteslec-768x384.jpg 768w, https:\/\/aceldepo.hu\/wp-content\/uploads\/2024\/06\/fenyes-dupla-elofestett-keriteslec-1x1.jpg 1w, https:\/\/aceldepo.hu\/wp-content\/uploads\/2024\/06\/fenyes-dupla-elofestett-keriteslec-10x5.jpg 10w, https:\/\/aceldepo.hu\/wp-content\/uploads\/2024\/06\/fenyes-dupla-elofestett-keriteslec.jpg 1200w\" \/>\t\t\t\t\t\t\t\t\t\t\t\t\t\t\t<\/div>\n\t\t\t\t<\/div>\n\t\t\t\t\t<\/div>\n\t\t\t\t<\/div>\n\t\t<div class=\"elementor-element elementor-element-0797ee7 e-flex e-con-boxed e-con e-child\" data-id=\"0797ee7\" data-element_type=\"container\" data-settings=\"{&quot;background_background&quot;:&quot;classic&quot;}\">\n\t\t\t\t\t<div class=\"e-con-inner\">\n\t\t\t\t<div class=\"elementor-element elementor-element-09ca986 elementor-widget elementor-widget-text-editor\" data-id=\"09ca986\" data-element_type=\"widget\" data-widget_type=\"text-editor.default\">\n\t\t\t\t<div class=\"elementor-widget-container\">\n\t\t\t\t\t\t\t\t\t<h4>Supreme50<\/h4>\t\t\t\t\t\t\t\t<\/div>\n\t\t\t\t<\/div>\n\t\t\t\t<div class=\"elementor-element elementor-element-58c8d0a elementor-widget elementor-widget-image\" data-id=\"58c8d0a\" data-element_type=\"widget\" data-widget_type=\"image.default\">\n\t\t\t\t<div class=\"elementor-widget-container\">\n\t\t\t\t\t\t\t\t\t\t\t\t\t\t\t<img loading=\"lazy\" decoding=\"async\" width=\"1024\" height=\"512\" src=\"https:\/\/aceldepo.hu\/wp-content\/uploads\/xstore\/xstore-placeholder-200x100.png\" class=\"attachment-large size-large wp-image-517 lazyload lazyload-simple et-lazyload-fadeIn\" alt=\"\" sizes=\"(max-width: 1024px) 100vw, 1024px\" data-src=\"https:\/\/aceldepo.hu\/wp-content\/uploads\/2024\/06\/supreme50-1024x512.jpg\" data-srcset=\"https:\/\/aceldepo.hu\/wp-content\/uploads\/2024\/06\/supreme50-1024x512.jpg 1024w, https:\/\/aceldepo.hu\/wp-content\/uploads\/2024\/06\/supreme50-300x150.jpg 300w, https:\/\/aceldepo.hu\/wp-content\/uploads\/2024\/06\/supreme50-768x384.jpg 768w, https:\/\/aceldepo.hu\/wp-content\/uploads\/2024\/06\/supreme50-1x1.jpg 1w, https:\/\/aceldepo.hu\/wp-content\/uploads\/2024\/06\/supreme50-10x5.jpg 10w, https:\/\/aceldepo.hu\/wp-content\/uploads\/2024\/06\/supreme50.jpg 1200w\" \/>\t\t\t\t\t\t\t\t\t\t\t\t\t\t\t<\/div>\n\t\t\t\t<\/div>\n\t\t\t\t\t<\/div>\n\t\t\t\t<\/div>\n\t\t<div class=\"elementor-element elementor-element-38f8fa1 e-flex e-con-boxed e-con e-child\" data-id=\"38f8fa1\" data-element_type=\"container\" data-settings=\"{&quot;background_background&quot;:&quot;classic&quot;}\">\n\t\t\t\t\t<div class=\"e-con-inner\">\n\t\t\t\t<div class=\"elementor-element elementor-element-d9cc331 elementor-widget elementor-widget-text-editor\" data-id=\"d9cc331\" data-element_type=\"widget\" data-widget_type=\"text-editor.default\">\n\t\t\t\t<div class=\"elementor-widget-container\">\n\t\t\t\t\t\t\t\t\t<h4>Neomat30<\/h4>\t\t\t\t\t\t\t\t<\/div>\n\t\t\t\t<\/div>\n\t\t\t\t<div class=\"elementor-element elementor-element-1e4087f elementor-widget elementor-widget-image\" data-id=\"1e4087f\" data-element_type=\"widget\" data-widget_type=\"image.default\">\n\t\t\t\t<div class=\"elementor-widget-container\">\n\t\t\t\t\t\t\t\t\t\t\t\t\t\t\t<img loading=\"lazy\" decoding=\"async\" width=\"1024\" height=\"512\" src=\"https:\/\/aceldepo.hu\/wp-content\/uploads\/xstore\/xstore-placeholder-200x100.png\" class=\"attachment-large size-large wp-image-526 lazyload lazyload-simple et-lazyload-fadeIn\" alt=\"\" sizes=\"(max-width: 1024px) 100vw, 1024px\" data-src=\"https:\/\/aceldepo.hu\/wp-content\/uploads\/2024\/06\/neomat30-1024x512.jpg\" data-srcset=\"https:\/\/aceldepo.hu\/wp-content\/uploads\/2024\/06\/neomat30-1024x512.jpg 1024w, https:\/\/aceldepo.hu\/wp-content\/uploads\/2024\/06\/neomat30-300x150.jpg 300w, https:\/\/aceldepo.hu\/wp-content\/uploads\/2024\/06\/neomat30-768x384.jpg 768w, https:\/\/aceldepo.hu\/wp-content\/uploads\/2024\/06\/neomat30-1x1.jpg 1w, https:\/\/aceldepo.hu\/wp-content\/uploads\/2024\/06\/neomat30-10x5.jpg 10w, https:\/\/aceldepo.hu\/wp-content\/uploads\/2024\/06\/neomat30.jpg 1200w\" \/>\t\t\t\t\t\t\t\t\t\t\t\t\t\t\t<\/div>\n\t\t\t\t<\/div>\n\t\t\t\t\t<\/div>\n\t\t\t\t<\/div>\n\t\t\t\t\t<\/div>\n\t\t\t\t<\/div>\n\t\t<div class=\"elementor-element elementor-element-5036b8e e-flex e-con-boxed e-con e-child\" data-id=\"5036b8e\" data-element_type=\"container\">\n\t\t\t\t\t<div class=\"e-con-inner\">\n\t\t\t\t<div class=\"elementor-element elementor-element-3a83830 elementor-widget elementor-widget-text-editor\" data-id=\"3a83830\" data-element_type=\"widget\" data-widget_type=\"text-editor.default\">\n\t\t\t\t<div class=\"elementor-widget-container\">\n\t\t\t\t\t\t\t\t\t<h3>Vastags\u00e1g \u00e9s s\u00faly<\/h3>\t\t\t\t\t\t\t\t<\/div>\n\t\t\t\t<\/div>\n\t\t<div class=\"elementor-element elementor-element-5d1a326 e-grid e-con-boxed e-con e-child\" data-id=\"5d1a326\" data-element_type=\"container\">\n\t\t\t\t\t<div class=\"e-con-inner\">\n\t\t\t\t<div class=\"elementor-element elementor-element-53dad46 elementor-widget elementor-widget-text-editor\" data-id=\"53dad46\" data-element_type=\"widget\" data-widget_type=\"text-editor.default\">\n\t\t\t\t<div class=\"elementor-widget-container\">\n\t\t\t\t\t\t\t\t\t<p>0,4 mm<\/p><p>0,6 mm<\/p>\t\t\t\t\t\t\t\t<\/div>\n\t\t\t\t<\/div>\n\t\t\t\t<div class=\"elementor-element elementor-element-fcce64f elementor-widget elementor-widget-image\" data-id=\"fcce64f\" data-element_type=\"widget\" data-widget_type=\"image.default\">\n\t\t\t\t<div class=\"elementor-widget-container\">\n\t\t\t\t\t\t\t\t\t\t\t\t\t\t\t<img loading=\"lazy\" decoding=\"async\" width=\"515\" height=\"216\" src=\"https:\/\/aceldepo.hu\/wp-content\/uploads\/xstore\/xstore-placeholder-239x100.png\" class=\"attachment-large size-large wp-image-626 lazyload lazyload-simple et-lazyload-fadeIn\" alt=\"\" sizes=\"(max-width: 515px) 100vw, 515px\" data-src=\"https:\/\/aceldepo.hu\/wp-content\/uploads\/2024\/06\/femkerites-pannok-L-muszakirajz.jpg\" data-srcset=\"https:\/\/aceldepo.hu\/wp-content\/uploads\/2024\/06\/femkerites-pannok-L-muszakirajz.jpg 515w, https:\/\/aceldepo.hu\/wp-content\/uploads\/2024\/06\/femkerites-pannok-L-muszakirajz-300x126.jpg 300w, https:\/\/aceldepo.hu\/wp-content\/uploads\/2024\/06\/femkerites-pannok-L-muszakirajz-1x1.jpg 1w, https:\/\/aceldepo.hu\/wp-content\/uploads\/2024\/06\/femkerites-pannok-L-muszakirajz-10x4.jpg 10w\" \/>\t\t\t\t\t\t\t\t\t\t\t\t\t\t\t<\/div>\n\t\t\t\t<\/div>\n\t\t\t\t\t<\/div>\n\t\t\t\t<\/div>\n\t\t\t\t\t<\/div>\n\t\t\t\t<\/div>\n\t\t<div class=\"elementor-element elementor-element-cad9261 e-flex e-con-boxed e-con e-child\" data-id=\"cad9261\" data-element_type=\"container\">\n\t\t\t\t\t<div class=\"e-con-inner\">\n\t\t\t\t<div class=\"elementor-element elementor-element-6249b1b elementor-widget elementor-widget-text-editor\" data-id=\"6249b1b\" data-element_type=\"widget\" data-widget_type=\"text-editor.default\">\n\t\t\t\t<div class=\"elementor-widget-container\">\n\t\t\t\t\t\t\t\t\t<h3>M\u0171szaki m\u00e9retek<\/h3>\t\t\t\t\t\t\t\t<\/div>\n\t\t\t\t<\/div>\n\t\t<div class=\"elementor-element elementor-element-81c13c5 e-grid e-con-boxed e-con e-child\" data-id=\"81c13c5\" data-element_type=\"container\">\n\t\t\t\t\t<div class=\"e-con-inner\">\n\t\t\t\t<div class=\"elementor-element elementor-element-61db6b0 elementor-widget elementor-widget-text-editor\" data-id=\"61db6b0\" data-element_type=\"widget\" data-widget_type=\"text-editor.default\">\n\t\t\t\t<div class=\"elementor-widget-container\">\n\t\t\t\t\t\t\t\t\t<p><strong>Teljes panelsz\u00e9less\u00e9g:<\/strong> 1160 mm<\/p><p><strong>Hasznos panelsz\u00e9less\u00e9g:<\/strong> 1045 mm<\/p><p><strong>Hull\u00e1m magass\u00e1g:<\/strong> 46 mm<\/p><p><strong>L\u00e9pcs\u0151magass\u00e1g a l\u00e9pcs\u0151k k\u00f6z\u00f6tt:<\/strong> 25 mm<\/p><p><strong>T\u00e1vols\u00e1g az oszt\u00e1st\u00f3l mm:<\/strong> 350,0 mm<\/p>\t\t\t\t\t\t\t\t<\/div>\n\t\t\t\t<\/div>\n\t\t\t\t\t<\/div>\n\t\t\t\t<\/div>\n\t\t\t\t\t<\/div>\n\t\t\t\t<\/div>\n\t\t\t\t\t<\/div>\n\t\t\t\t<\/div>\n\t\t\t\t<\/div>\n\t\t","protected":false},"excerpt":{"rendered":"<p>F\u00e9mker\u00edt\u00e9s pann\u00f3k L A Wetterbest f\u00e9mlemez ker\u00edt\u00e9spanelek modern megold\u00e1st jelentenek a k\u00fclt\u00e9ri terek lez\u00e1r\u00e1s\u00e1ra \u00e9s elhat\u00e1rol\u00e1s\u00e1ra. R\u00e9szletes le\u00edr\u00e1s A ker\u00edt\u00e9spanelek 0,60 mm vastags\u00e1g\u00fa, horganyzott ac\u00e9lb\u00f3l&#8230;<\/p>\n","protected":false},"author":2,"featured_media":882,"parent":1699,"menu_order":0,"comment_status":"closed","ping_status":"closed","template":"elementor_header_footer","meta":{"footnotes":""},"class_list":["post-620","page","type-page","status-publish","has-post-thumbnail","hentry"],"_links":{"self":[{"href":"https:\/\/aceldepo.hu\/index.php\/wp-json\/wp\/v2\/pages\/620","targetHints":{"allow":["GET"]}}],"collection":[{"href":"https:\/\/aceldepo.hu\/index.php\/wp-json\/wp\/v2\/pages"}],"about":[{"href":"https:\/\/aceldepo.hu\/index.php\/wp-json\/wp\/v2\/types\/page"}],"author":[{"embeddable":true,"href":"https:\/\/aceldepo.hu\/index.php\/wp-json\/wp\/v2\/users\/2"}],"replies":[{"embeddable":true,"href":"https:\/\/aceldepo.hu\/index.php\/wp-json\/wp\/v2\/comments?post=620"}],"version-history":[{"count":1,"href":"https:\/\/aceldepo.hu\/index.php\/wp-json\/wp\/v2\/pages\/620\/revisions"}],"predecessor-version":[{"id":1719,"href":"https:\/\/aceldepo.hu\/index.php\/wp-json\/wp\/v2\/pages\/620\/revisions\/1719"}],"up":[{"embeddable":true,"href":"https:\/\/aceldepo.hu\/index.php\/wp-json\/wp\/v2\/pages\/1699"}],"wp:featuredmedia":[{"embeddable":true,"href":"https:\/\/aceldepo.hu\/index.php\/wp-json\/wp\/v2\/media\/882"}],"wp:attachment":[{"href":"https:\/\/aceldepo.hu\/index.php\/wp-json\/wp\/v2\/media?parent=620"}],"curies":[{"name":"wp","href":"https:\/\/api.w.org\/{rel}","templated":true}]}}