{"id":664,"date":"2024-06-18T23:04:19","date_gmt":"2024-06-18T21:04:19","guid":{"rendered":"https:\/\/aceldepo.blureen.hu\/?page_id=664"},"modified":"2024-10-02T19:23:46","modified_gmt":"2024-10-02T19:23:46","slug":"fem-ereszalj","status":"publish","type":"page","link":"https:\/\/aceldepo.hu\/index.php\/termekek\/burkolatmegoldasok\/fem-ereszalj\/","title":{"rendered":"F\u00e9m ereszalj"},"content":{"rendered":"\t\t<div data-elementor-type=\"wp-page\" data-elementor-id=\"664\" class=\"elementor elementor-664\" data-elementor-post-type=\"page\">\n\t\t\t\t<div class=\"elementor-element elementor-element-8ec2fff e-con-full e-flex e-con e-parent\" data-id=\"8ec2fff\" data-element_type=\"container\" data-settings=\"{&quot;background_background&quot;:&quot;classic&quot;}\">\n\t\t<div class=\"elementor-element elementor-element-e6cb4c8 e-flex e-con-boxed e-con e-child\" data-id=\"e6cb4c8\" data-element_type=\"container\">\n\t\t\t\t\t<div class=\"e-con-inner\">\n\t\t\t\t<div class=\"elementor-element elementor-element-3a661fb elementor-widget elementor-widget-text-editor\" data-id=\"3a661fb\" data-element_type=\"widget\" data-widget_type=\"text-editor.default\">\n\t\t\t\t<div class=\"elementor-widget-container\">\n\t\t\t\t\t\t\t\t\t<h1><span style=\"color: #ffffff;\">F\u00e9m ereszalj<\/span><\/h1>\t\t\t\t\t\t\t\t<\/div>\n\t\t\t\t<\/div>\n\t\t\t\t\t<\/div>\n\t\t\t\t<\/div>\n\t\t\t\t<\/div>\n\t\t<div class=\"elementor-element elementor-element-f7b4f93 e-flex e-con-boxed e-con e-parent\" data-id=\"f7b4f93\" data-element_type=\"container\">\n\t\t\t\t\t<div class=\"e-con-inner\">\n\t\t<div class=\"elementor-element elementor-element-033acf9 e-grid e-con-boxed e-con e-child\" data-id=\"033acf9\" data-element_type=\"container\">\n\t\t\t\t\t<div class=\"e-con-inner\">\n\t\t<div class=\"elementor-element elementor-element-76049d0 e-flex e-con-boxed e-con e-child\" data-id=\"76049d0\" data-element_type=\"container\">\n\t\t\t\t\t<div class=\"e-con-inner\">\n\t\t\t\t<div class=\"elementor-element elementor-element-689dfdd elementor-widget elementor-widget-text-editor\" data-id=\"689dfdd\" data-element_type=\"widget\" data-widget_type=\"text-editor.default\">\n\t\t\t\t<div class=\"elementor-widget-container\">\n\t\t\t\t\t\t\t\t\t<p style=\"text-align: left; font-size: 18px;\">A perfor\u00e1lt f\u00e9m ereszalj kiv\u00e1l\u00f3 alternat\u00edv\u00e1t jelentenek a fa megold\u00e1sokkal szemben, \u00e9s a tet\u0151 ereszek t\u00falny\u00fal\u00f3 ter\u00fclet\u00e9nek lez\u00e1r\u00e1s\u00e1ra \u00e9s befejez\u00e9s\u00e9re szolg\u00e1lnak. Egyedi megold\u00e1st jelent a lak\u00f3\u00e9p\u00fcletek, ipari \u00e9s kereskedelmi projektek k\u00fcl\u00f6nb\u00f6z\u0151 t\u00edpus\u00fa tet\u0151szerkezeteire val\u00f3 felszerel\u00e9shez.<\/p>\t\t\t\t\t\t\t\t<\/div>\n\t\t\t\t<\/div>\n\t\t\t\t\t<\/div>\n\t\t\t\t<\/div>\n\t\t<div class=\"elementor-element elementor-element-792a957 e-flex e-con-boxed e-con e-child\" data-id=\"792a957\" data-element_type=\"container\">\n\t\t\t\t\t<div class=\"e-con-inner\">\n\t\t\t\t<div class=\"elementor-element elementor-element-70456fb elementor-widget elementor-widget-image\" data-id=\"70456fb\" data-element_type=\"widget\" data-widget_type=\"image.default\">\n\t\t\t\t<div class=\"elementor-widget-container\">\n\t\t\t\t\t\t\t\t\t\t\t\t\t\t\t<img fetchpriority=\"high\" decoding=\"async\" width=\"720\" height=\"619\" src=\"https:\/\/aceldepo.hu\/wp-content\/uploads\/xstore\/xstore-placeholder-1024x1024.png\" class=\"attachment-large size-large wp-image-666 lazyload lazyload-simple et-lazyload-fadeIn\" alt=\"\" sizes=\"(max-width: 720px) 100vw, 720px\" data-src=\"https:\/\/aceldepo.hu\/wp-content\/uploads\/2024\/06\/fem-ereszalj.jpg\" data-srcset=\"https:\/\/aceldepo.hu\/wp-content\/uploads\/2024\/06\/fem-ereszalj.jpg 720w, https:\/\/aceldepo.hu\/wp-content\/uploads\/2024\/06\/fem-ereszalj-300x258.jpg 300w, https:\/\/aceldepo.hu\/wp-content\/uploads\/2024\/06\/fem-ereszalj-1x1.jpg 1w, https:\/\/aceldepo.hu\/wp-content\/uploads\/2024\/06\/fem-ereszalj-10x10.jpg 10w\" \/>\t\t\t\t\t\t\t\t\t\t\t\t\t\t\t<\/div>\n\t\t\t\t<\/div>\n\t\t\t\t\t<\/div>\n\t\t\t\t<\/div>\n\t\t\t\t\t<\/div>\n\t\t\t\t<\/div>\n\t\t\t\t\t<\/div>\n\t\t\t\t<\/div>\n\t\t<div class=\"elementor-element elementor-element-b1937f4 e-flex e-con-boxed e-con e-parent\" data-id=\"b1937f4\" data-element_type=\"container\">\n\t\t\t\t\t<div class=\"e-con-inner\">\n\t\t\t\t<div class=\"elementor-element elementor-element-9aefa1d elementor-widget elementor-widget-text-editor\" data-id=\"9aefa1d\" data-element_type=\"widget\" data-widget_type=\"text-editor.default\">\n\t\t\t\t<div class=\"elementor-widget-container\">\n\t\t\t\t\t\t\t\t\t<h2><span style=\"color: #ffffff;\">R\u00e9szletes le\u00edr\u00e1s<\/span><\/h2>\t\t\t\t\t\t\t\t<\/div>\n\t\t\t\t<\/div>\n\t\t\t\t<div class=\"elementor-element elementor-element-1a05b86 elementor-widget elementor-widget-text-editor\" data-id=\"1a05b86\" data-element_type=\"widget\" data-widget_type=\"text-editor.default\">\n\t\t\t\t<div class=\"elementor-widget-container\">\n\t\t\t\t\t\t\t\t\t<p>A perfor\u00e1lt f\u00e9m ereszalj rendszer alkalmaz\u00e1sa az eszt\u00e9tikai szerepe mellett biztos\u00edtja az eresz megfelel\u0151 szell\u0151z\u00e9s\u00e9t \u00e9s megakad\u00e1lyozza a p\u00e1ralecsap\u00f3d\u00e1s kialakul\u00e1s\u00e1t. Az \u00e1tlyukasztott f\u00e9mburkolat alternat\u00edv megold\u00e1st jelent a hagyom\u00e1nyosan haszn\u00e1lt klasszikus fa opci\u00f3kkal szemben. A f\u00e9m eresz, m\u00e1s n\u00e9ven a tet\u0151 alja, a h\u00e1z fala \u00e9s a t\u00e9nyleges tet\u0151szeg\u00e9ly k\u00f6z\u00f6tt helyezkedik el, nagyszer\u0171 eszt\u00e9tikai vonzer\u0151vel rendelkezik, \u00e9s \u00e9vtizedek m\u00falt\u00e1n is v\u00e1ltozatlan marad. A f\u00e9m eresz, vagy m\u00e1s n\u00e9ven a tet\u0151 alja, a h\u00e1z fala \u00e9s a t\u00e9nyleges tet\u0151szeg\u00e9ly k\u00f6z\u00f6tt helyezkedik el. A Wetterbest perfor\u00e1lt f\u00e9m ereszrendszerek k\u00f6nny\u0171ek, rendk\u00edv\u00fcl tart\u00f3sak, m\u00e9g sz\u00e9ls\u0151s\u00e9ges h\u0151m\u00e9rs\u00e9kleten is, \u00e9s nem ig\u00e9nyelnek \u00e1lland\u00f3 karbantart\u00e1st. Ugyanakkor nem viselik el az \u00e9g\u00e9st. A fokozott nedvess\u00e9g- \u00e9s id\u0151j\u00e1r\u00e1s\u00e1ll\u00f3s\u00e1g mellett a perfor\u00e1lt f\u00e9m ereszalj szerepe a tet\u0151 megfelel\u0151 szell\u0151z\u00e9se. A szaruf\u00e1k \u00e9s a l\u00e9cek k\u00f6z\u00f6tt egy l\u00e9gr\u00e9teg k\u00e9pz\u0151dik, amely g\u00e1tk\u00e9nt m\u0171k\u00f6dik, \u00e9s kiv\u00e1l\u00f3 szell\u0151z\u00e9st biztos\u00edt, kik\u00fcsz\u00f6b\u00f6lve a tet\u0151 tart\u00f3szerkezet\u00e9t k\u00e1ros\u00edt\u00f3 p\u00e1ralecsap\u00f3d\u00e1st. A f\u00e9mred\u0151ny felszerel\u00e9se egyszer\u0171 \u00e9s gyors. A k\u00fcl\u00f6nb\u00f6z\u0151 \u00e1rnyalatokban kaphat\u00f3, az \u00e9p\u00fclet eszt\u00e9tik\u00e1j\u00e1ba \u00e9s \u00e9p\u00edt\u00e9szet\u00e9be val\u00f3 harmonikus illeszked\u00e9s \u00e9rdek\u00e9ben a Wetterbest f\u00e9mred\u0151ny a h\u00e1z befejez\u00e9s\u00e9nek n\u00e9lk\u00fcl\u00f6zhetetlen eleme. Illeszkedik az \u00e9p\u00fclet homlokzat\u00e1hoz, az ablak- \u00e9s ajt\u00f3szerelv\u00e9nyekhez vagy az ereszcsatorna- \u00e9s id\u0151j\u00e1r\u00e1si csatornarendszerhez. K\u00edn\u00e1latunkban gy\u00e1rt\u00f3i \u00e1ron kaphat\u00f3.<\/p>\t\t\t\t\t\t\t\t<\/div>\n\t\t\t\t<\/div>\n\t\t\t\t\t<\/div>\n\t\t\t\t<\/div>\n\t\t<div class=\"elementor-element elementor-element-7d322d3 e-flex e-con-boxed e-con e-parent\" data-id=\"7d322d3\" data-element_type=\"container\">\n\t\t\t\t\t<div class=\"e-con-inner\">\n\t\t\t\t<div class=\"elementor-element elementor-element-4f255f9 elementor-widget elementor-widget-text-editor\" data-id=\"4f255f9\" data-element_type=\"widget\" data-widget_type=\"text-editor.default\">\n\t\t\t\t<div class=\"elementor-widget-container\">\n\t\t\t\t\t\t\t\t\t<h2><span style=\"color: #ffffff;\">M\u0171szaki adatok<\/span><\/h2>\t\t\t\t\t\t\t\t<\/div>\n\t\t\t\t<\/div>\n\t\t<div class=\"elementor-element elementor-element-9a30299 e-flex e-con-boxed e-con e-child\" data-id=\"9a30299\" data-element_type=\"container\">\n\t\t\t\t\t<div class=\"e-con-inner\">\n\t\t\t\t<div class=\"elementor-element elementor-element-cc6e8c0 elementor-widget elementor-widget-text-editor\" data-id=\"cc6e8c0\" data-element_type=\"widget\" data-widget_type=\"text-editor.default\">\n\t\t\t\t<div class=\"elementor-widget-container\">\n\t\t\t\t\t\t\t\t\t<h3>M\u00e9retek<\/h3>\t\t\t\t\t\t\t\t<\/div>\n\t\t\t\t<\/div>\n\t\t<div class=\"elementor-element elementor-element-715ecda e-grid e-con-boxed e-con e-child\" data-id=\"715ecda\" data-element_type=\"container\">\n\t\t\t\t\t<div class=\"e-con-inner\">\n\t\t\t\t<div class=\"elementor-element elementor-element-6b1cbea elementor-widget elementor-widget-text-editor\" data-id=\"6b1cbea\" data-element_type=\"widget\" data-widget_type=\"text-editor.default\">\n\t\t\t\t<div class=\"elementor-widget-container\">\n\t\t\t\t\t\t\t\t\t<p><strong>Hossz:<\/strong> Min. 400mm\/ max. 3600mm<\/p>\t\t\t\t\t\t\t\t<\/div>\n\t\t\t\t<\/div>\n\t\t\t\t\t<\/div>\n\t\t\t\t<\/div>\n\t\t\t\t\t<\/div>\n\t\t\t\t<\/div>\n\t\t<div class=\"elementor-element elementor-element-68ea194 e-flex e-con-boxed e-con e-child\" data-id=\"68ea194\" data-element_type=\"container\">\n\t\t\t\t\t<div class=\"e-con-inner\">\n\t\t\t\t<div class=\"elementor-element elementor-element-402a6e2 elementor-widget elementor-widget-text-editor\" data-id=\"402a6e2\" data-element_type=\"widget\" data-widget_type=\"text-editor.default\">\n\t\t\t\t<div class=\"elementor-widget-container\">\n\t\t\t\t\t\t\t\t\t<h3>Jellemz\u0151k<\/h3>\t\t\t\t\t\t\t\t<\/div>\n\t\t\t\t<\/div>\n\t\t<div class=\"elementor-element elementor-element-f33973b e-grid e-con-boxed e-con e-child\" data-id=\"f33973b\" data-element_type=\"container\">\n\t\t\t\t\t<div class=\"e-con-inner\">\n\t\t\t\t<div class=\"elementor-element elementor-element-b40a5bf elementor-widget elementor-widget-text-editor\" data-id=\"b40a5bf\" data-element_type=\"widget\" data-widget_type=\"text-editor.default\">\n\t\t\t\t<div class=\"elementor-widget-container\">\n\t\t\t\t\t\t\t\t\t<p><strong>Bevonatok: <\/strong>Suprem 50, Neomat 30, Mat, F\u00e9nyes, Fa ut\u00e1nzat<\/p><p><strong>M\u0171szaki k\u00f6vetelm\u00e9nyek: <\/strong>PN-EN 10346<\/p><p><strong>Minim\u00e1lis be\u00e9p\u00edt\u00e9si meredeks\u00e9g: <\/strong>14,0<\/p><p><strong>Nyersanyagok: <\/strong>El\u0151festett melegen horganyzott ac\u00e9llemez<\/p>\t\t\t\t\t\t\t\t<\/div>\n\t\t\t\t<\/div>\n\t\t\t\t\t<\/div>\n\t\t\t\t<\/div>\n\t\t\t\t\t<\/div>\n\t\t\t\t<\/div>\n\t\t<div class=\"elementor-element elementor-element-fa50435 e-grid e-con-boxed e-con e-child\" data-id=\"fa50435\" data-element_type=\"container\">\n\t\t\t\t\t<div class=\"e-con-inner\">\n\t\t<div class=\"elementor-element elementor-element-4397dbf e-flex e-con-boxed e-con e-child\" data-id=\"4397dbf\" data-element_type=\"container\" data-settings=\"{&quot;background_background&quot;:&quot;classic&quot;}\">\n\t\t\t\t\t<div class=\"e-con-inner\">\n\t\t\t\t<div class=\"elementor-element elementor-element-d7ca8d1 elementor-widget elementor-widget-text-editor\" data-id=\"d7ca8d1\" data-element_type=\"widget\" data-widget_type=\"text-editor.default\">\n\t\t\t\t<div class=\"elementor-widget-container\">\n\t\t\t\t\t\t\t\t\t<h4>Supreme50<\/h4>\t\t\t\t\t\t\t\t<\/div>\n\t\t\t\t<\/div>\n\t\t\t\t<div class=\"elementor-element elementor-element-c96349d elementor-widget elementor-widget-image\" data-id=\"c96349d\" data-element_type=\"widget\" data-widget_type=\"image.default\">\n\t\t\t\t<div class=\"elementor-widget-container\">\n\t\t\t\t\t\t\t\t\t\t\t\t\t\t\t<img decoding=\"async\" width=\"1024\" height=\"512\" src=\"https:\/\/aceldepo.hu\/wp-content\/uploads\/xstore\/xstore-placeholder-200x100.png\" class=\"attachment-large size-large wp-image-517 lazyload lazyload-simple et-lazyload-fadeIn\" alt=\"\" sizes=\"(max-width: 1024px) 100vw, 1024px\" data-src=\"https:\/\/aceldepo.hu\/wp-content\/uploads\/2024\/06\/supreme50-1024x512.jpg\" data-srcset=\"https:\/\/aceldepo.hu\/wp-content\/uploads\/2024\/06\/supreme50-1024x512.jpg 1024w, https:\/\/aceldepo.hu\/wp-content\/uploads\/2024\/06\/supreme50-300x150.jpg 300w, https:\/\/aceldepo.hu\/wp-content\/uploads\/2024\/06\/supreme50-768x384.jpg 768w, https:\/\/aceldepo.hu\/wp-content\/uploads\/2024\/06\/supreme50-1x1.jpg 1w, https:\/\/aceldepo.hu\/wp-content\/uploads\/2024\/06\/supreme50-10x5.jpg 10w, https:\/\/aceldepo.hu\/wp-content\/uploads\/2024\/06\/supreme50.jpg 1200w\" \/>\t\t\t\t\t\t\t\t\t\t\t\t\t\t\t<\/div>\n\t\t\t\t<\/div>\n\t\t\t\t\t<\/div>\n\t\t\t\t<\/div>\n\t\t<div class=\"elementor-element elementor-element-4061e95 e-flex e-con-boxed e-con e-child\" data-id=\"4061e95\" data-element_type=\"container\" data-settings=\"{&quot;background_background&quot;:&quot;classic&quot;}\">\n\t\t\t\t\t<div class=\"e-con-inner\">\n\t\t\t\t<div class=\"elementor-element elementor-element-ad52438 elementor-widget elementor-widget-text-editor\" data-id=\"ad52438\" data-element_type=\"widget\" data-widget_type=\"text-editor.default\">\n\t\t\t\t<div class=\"elementor-widget-container\">\n\t\t\t\t\t\t\t\t\t<h4>Neomat 30<\/h4>\t\t\t\t\t\t\t\t<\/div>\n\t\t\t\t<\/div>\n\t\t\t\t<div class=\"elementor-element elementor-element-edef9c0 elementor-widget elementor-widget-image\" data-id=\"edef9c0\" data-element_type=\"widget\" data-widget_type=\"image.default\">\n\t\t\t\t<div class=\"elementor-widget-container\">\n\t\t\t\t\t\t\t\t\t\t\t\t\t\t\t<img decoding=\"async\" width=\"1024\" height=\"512\" src=\"https:\/\/aceldepo.hu\/wp-content\/uploads\/xstore\/xstore-placeholder-200x100.png\" class=\"attachment-large size-large wp-image-526 lazyload lazyload-simple et-lazyload-fadeIn\" alt=\"\" sizes=\"(max-width: 1024px) 100vw, 1024px\" data-src=\"https:\/\/aceldepo.hu\/wp-content\/uploads\/2024\/06\/neomat30-1024x512.jpg\" data-srcset=\"https:\/\/aceldepo.hu\/wp-content\/uploads\/2024\/06\/neomat30-1024x512.jpg 1024w, https:\/\/aceldepo.hu\/wp-content\/uploads\/2024\/06\/neomat30-300x150.jpg 300w, https:\/\/aceldepo.hu\/wp-content\/uploads\/2024\/06\/neomat30-768x384.jpg 768w, https:\/\/aceldepo.hu\/wp-content\/uploads\/2024\/06\/neomat30-1x1.jpg 1w, https:\/\/aceldepo.hu\/wp-content\/uploads\/2024\/06\/neomat30-10x5.jpg 10w, https:\/\/aceldepo.hu\/wp-content\/uploads\/2024\/06\/neomat30.jpg 1200w\" \/>\t\t\t\t\t\t\t\t\t\t\t\t\t\t\t<\/div>\n\t\t\t\t<\/div>\n\t\t\t\t\t<\/div>\n\t\t\t\t<\/div>\n\t\t<div class=\"elementor-element elementor-element-a0e2301 e-flex e-con-boxed e-con e-child\" data-id=\"a0e2301\" data-element_type=\"container\" data-settings=\"{&quot;background_background&quot;:&quot;classic&quot;}\">\n\t\t\t\t\t<div class=\"e-con-inner\">\n\t\t\t\t<div class=\"elementor-element elementor-element-a4ee2a8 elementor-widget elementor-widget-text-editor\" data-id=\"a4ee2a8\" data-element_type=\"widget\" data-widget_type=\"text-editor.default\">\n\t\t\t\t<div class=\"elementor-widget-container\">\n\t\t\t\t\t\t\t\t\t<h4>Mat<\/h4>\t\t\t\t\t\t\t\t<\/div>\n\t\t\t\t<\/div>\n\t\t\t\t<div class=\"elementor-element elementor-element-488de29 elementor-widget elementor-widget-image\" data-id=\"488de29\" data-element_type=\"widget\" data-widget_type=\"image.default\">\n\t\t\t\t<div class=\"elementor-widget-container\">\n\t\t\t\t\t\t\t\t\t\t\t\t\t\t\t<img loading=\"lazy\" decoding=\"async\" width=\"1024\" height=\"512\" src=\"https:\/\/aceldepo.hu\/wp-content\/uploads\/xstore\/xstore-placeholder-200x100.png\" class=\"attachment-large size-large wp-image-527 lazyload lazyload-simple et-lazyload-fadeIn\" alt=\"\" sizes=\"(max-width: 1024px) 100vw, 1024px\" data-src=\"https:\/\/aceldepo.hu\/wp-content\/uploads\/2024\/06\/mat-1024x512.jpg\" data-srcset=\"https:\/\/aceldepo.hu\/wp-content\/uploads\/2024\/06\/mat-1024x512.jpg 1024w, https:\/\/aceldepo.hu\/wp-content\/uploads\/2024\/06\/mat-300x150.jpg 300w, https:\/\/aceldepo.hu\/wp-content\/uploads\/2024\/06\/mat-768x384.jpg 768w, https:\/\/aceldepo.hu\/wp-content\/uploads\/2024\/06\/mat-1x1.jpg 1w, https:\/\/aceldepo.hu\/wp-content\/uploads\/2024\/06\/mat-10x5.jpg 10w, https:\/\/aceldepo.hu\/wp-content\/uploads\/2024\/06\/mat.jpg 1200w\" \/>\t\t\t\t\t\t\t\t\t\t\t\t\t\t\t<\/div>\n\t\t\t\t<\/div>\n\t\t\t\t\t<\/div>\n\t\t\t\t<\/div>\n\t\t<div class=\"elementor-element elementor-element-8d128e6 e-flex e-con-boxed e-con e-child\" data-id=\"8d128e6\" data-element_type=\"container\" data-settings=\"{&quot;background_background&quot;:&quot;classic&quot;}\">\n\t\t\t\t\t<div class=\"e-con-inner\">\n\t\t\t\t<div class=\"elementor-element elementor-element-b459ab9 elementor-widget elementor-widget-text-editor\" data-id=\"b459ab9\" data-element_type=\"widget\" data-widget_type=\"text-editor.default\">\n\t\t\t\t<div class=\"elementor-widget-container\">\n\t\t\t\t\t\t\t\t\t<h4>F\u00e9nyes<\/h4>\t\t\t\t\t\t\t\t<\/div>\n\t\t\t\t<\/div>\n\t\t\t\t<div class=\"elementor-element elementor-element-f64bfb9 elementor-widget elementor-widget-image\" data-id=\"f64bfb9\" data-element_type=\"widget\" data-widget_type=\"image.default\">\n\t\t\t\t<div class=\"elementor-widget-container\">\n\t\t\t\t\t\t\t\t\t\t\t\t\t\t\t<img loading=\"lazy\" decoding=\"async\" width=\"1024\" height=\"512\" src=\"https:\/\/aceldepo.hu\/wp-content\/uploads\/xstore\/xstore-placeholder-200x100.png\" class=\"attachment-large size-large wp-image-528 lazyload lazyload-simple et-lazyload-fadeIn\" alt=\"\" sizes=\"(max-width: 1024px) 100vw, 1024px\" data-src=\"https:\/\/aceldepo.hu\/wp-content\/uploads\/2024\/06\/fenyes-1024x512.jpg\" data-srcset=\"https:\/\/aceldepo.hu\/wp-content\/uploads\/2024\/06\/fenyes-1024x512.jpg 1024w, https:\/\/aceldepo.hu\/wp-content\/uploads\/2024\/06\/fenyes-300x150.jpg 300w, https:\/\/aceldepo.hu\/wp-content\/uploads\/2024\/06\/fenyes-768x384.jpg 768w, https:\/\/aceldepo.hu\/wp-content\/uploads\/2024\/06\/fenyes-1x1.jpg 1w, https:\/\/aceldepo.hu\/wp-content\/uploads\/2024\/06\/fenyes-10x5.jpg 10w, https:\/\/aceldepo.hu\/wp-content\/uploads\/2024\/06\/fenyes.jpg 1200w\" \/>\t\t\t\t\t\t\t\t\t\t\t\t\t\t\t<\/div>\n\t\t\t\t<\/div>\n\t\t\t\t\t<\/div>\n\t\t\t\t<\/div>\n\t\t<div class=\"elementor-element elementor-element-55a4087 e-flex e-con-boxed e-con e-child\" data-id=\"55a4087\" data-element_type=\"container\" data-settings=\"{&quot;background_background&quot;:&quot;classic&quot;}\">\n\t\t\t\t\t<div class=\"e-con-inner\">\n\t\t\t\t<div class=\"elementor-element elementor-element-51abce9 elementor-widget elementor-widget-text-editor\" data-id=\"51abce9\" data-element_type=\"widget\" data-widget_type=\"text-editor.default\">\n\t\t\t\t<div class=\"elementor-widget-container\">\n\t\t\t\t\t\t\t\t\t<h4>Fa ut\u00e1nzat<\/h4>\t\t\t\t\t\t\t\t<\/div>\n\t\t\t\t<\/div>\n\t\t\t\t<div class=\"elementor-element elementor-element-2a7c085 elementor-widget elementor-widget-image\" data-id=\"2a7c085\" data-element_type=\"widget\" data-widget_type=\"image.default\">\n\t\t\t\t<div class=\"elementor-widget-container\">\n\t\t\t\t\t\t\t\t\t\t\t\t\t\t\t<img loading=\"lazy\" decoding=\"async\" width=\"1024\" height=\"512\" src=\"https:\/\/aceldepo.hu\/wp-content\/uploads\/xstore\/xstore-placeholder-200x100.png\" class=\"attachment-large size-large wp-image-604 lazyload lazyload-simple et-lazyload-fadeIn\" alt=\"\" sizes=\"(max-width: 1024px) 100vw, 1024px\" data-src=\"https:\/\/aceldepo.hu\/wp-content\/uploads\/2024\/06\/fa-utanzat-1024x512.jpg\" data-srcset=\"https:\/\/aceldepo.hu\/wp-content\/uploads\/2024\/06\/fa-utanzat-1024x512.jpg 1024w, https:\/\/aceldepo.hu\/wp-content\/uploads\/2024\/06\/fa-utanzat-300x150.jpg 300w, https:\/\/aceldepo.hu\/wp-content\/uploads\/2024\/06\/fa-utanzat-768x384.jpg 768w, https:\/\/aceldepo.hu\/wp-content\/uploads\/2024\/06\/fa-utanzat-1x1.jpg 1w, https:\/\/aceldepo.hu\/wp-content\/uploads\/2024\/06\/fa-utanzat-10x5.jpg 10w, https:\/\/aceldepo.hu\/wp-content\/uploads\/2024\/06\/fa-utanzat.jpg 1200w\" \/>\t\t\t\t\t\t\t\t\t\t\t\t\t\t\t<\/div>\n\t\t\t\t<\/div>\n\t\t\t\t\t<\/div>\n\t\t\t\t<\/div>\n\t\t\t\t\t<\/div>\n\t\t\t\t<\/div>\n\t\t<div class=\"elementor-element elementor-element-5036b8e e-flex e-con-boxed e-con e-child\" data-id=\"5036b8e\" data-element_type=\"container\">\n\t\t\t\t\t<div class=\"e-con-inner\">\n\t\t\t\t<div class=\"elementor-element elementor-element-3a83830 elementor-widget elementor-widget-text-editor\" data-id=\"3a83830\" data-element_type=\"widget\" data-widget_type=\"text-editor.default\">\n\t\t\t\t<div class=\"elementor-widget-container\">\n\t\t\t\t\t\t\t\t\t<h3>Vastags\u00e1g \u00e9s s\u00faly<\/h3>\t\t\t\t\t\t\t\t<\/div>\n\t\t\t\t<\/div>\n\t\t<div class=\"elementor-element elementor-element-5d1a326 e-grid e-con-boxed e-con e-child\" data-id=\"5d1a326\" data-element_type=\"container\">\n\t\t\t\t\t<div class=\"e-con-inner\">\n\t\t\t\t<div class=\"elementor-element elementor-element-53dad46 elementor-widget elementor-widget-text-editor\" data-id=\"53dad46\" data-element_type=\"widget\" data-widget_type=\"text-editor.default\">\n\t\t\t\t<div class=\"elementor-widget-container\">\n\t\t\t\t\t\t\t\t\t<p>\u00a0<\/p><p>0,45 mm<\/p><p>0,5 mm<\/p>\t\t\t\t\t\t\t\t<\/div>\n\t\t\t\t<\/div>\n\t\t\t\t<div class=\"elementor-element elementor-element-fcce64f elementor-widget elementor-widget-image\" data-id=\"fcce64f\" data-element_type=\"widget\" data-widget_type=\"image.default\">\n\t\t\t\t<div class=\"elementor-widget-container\">\n\t\t\t\t\t\t\t\t\t\t\t\t\t\t\t<img loading=\"lazy\" decoding=\"async\" width=\"515\" height=\"221\" src=\"https:\/\/aceldepo.hu\/wp-content\/uploads\/xstore\/xstore-placeholder-234x100.png\" class=\"attachment-large size-large wp-image-667 lazyload lazyload-simple et-lazyload-fadeIn\" alt=\"\" sizes=\"(max-width: 515px) 100vw, 515px\" data-src=\"https:\/\/aceldepo.hu\/wp-content\/uploads\/2024\/06\/ereszalj-muszakirajz.jpg\" data-srcset=\"https:\/\/aceldepo.hu\/wp-content\/uploads\/2024\/06\/ereszalj-muszakirajz.jpg 515w, https:\/\/aceldepo.hu\/wp-content\/uploads\/2024\/06\/ereszalj-muszakirajz-300x129.jpg 300w, https:\/\/aceldepo.hu\/wp-content\/uploads\/2024\/06\/ereszalj-muszakirajz-1x1.jpg 1w, https:\/\/aceldepo.hu\/wp-content\/uploads\/2024\/06\/ereszalj-muszakirajz-10x4.jpg 10w\" \/>\t\t\t\t\t\t\t\t\t\t\t\t\t\t\t<\/div>\n\t\t\t\t<\/div>\n\t\t\t\t\t<\/div>\n\t\t\t\t<\/div>\n\t\t\t\t\t<\/div>\n\t\t\t\t<\/div>\n\t\t<div class=\"elementor-element elementor-element-cad9261 e-flex e-con-boxed e-con e-child\" data-id=\"cad9261\" data-element_type=\"container\">\n\t\t\t\t\t<div class=\"e-con-inner\">\n\t\t\t\t<div class=\"elementor-element elementor-element-6249b1b elementor-widget elementor-widget-text-editor\" data-id=\"6249b1b\" data-element_type=\"widget\" data-widget_type=\"text-editor.default\">\n\t\t\t\t<div class=\"elementor-widget-container\">\n\t\t\t\t\t\t\t\t\t<h3>M\u0171szaki m\u00e9retek<\/h3>\t\t\t\t\t\t\t\t<\/div>\n\t\t\t\t<\/div>\n\t\t<div class=\"elementor-element elementor-element-81c13c5 e-grid e-con-boxed e-con e-child\" data-id=\"81c13c5\" data-element_type=\"container\">\n\t\t\t\t\t<div class=\"e-con-inner\">\n\t\t\t\t<div class=\"elementor-element elementor-element-61db6b0 elementor-widget elementor-widget-text-editor\" data-id=\"61db6b0\" data-element_type=\"widget\" data-widget_type=\"text-editor.default\">\n\t\t\t\t<div class=\"elementor-widget-container\">\n\t\t\t\t\t\t\t\t\t<p><strong>Teljes panelsz\u00e9less\u00e9g:<\/strong> 365 mm<\/p><p><strong>Hasznos panelsz\u00e9less\u00e9g:<\/strong> 317 mm<\/p><p><strong>L\u00e9pcs\u0151magass\u00e1g a l\u00e9pcs\u0151k k\u00f6z\u00f6tt:<\/strong> 107 mm<\/p>\t\t\t\t\t\t\t\t<\/div>\n\t\t\t\t<\/div>\n\t\t\t\t\t<\/div>\n\t\t\t\t<\/div>\n\t\t\t\t\t<\/div>\n\t\t\t\t<\/div>\n\t\t\t\t\t<\/div>\n\t\t\t\t<\/div>\n\t\t\t\t<\/div>\n\t\t","protected":false},"excerpt":{"rendered":"<p>F\u00e9m ereszalj A perfor\u00e1lt f\u00e9m ereszalj kiv\u00e1l\u00f3 alternat\u00edv\u00e1t jelentenek a fa megold\u00e1sokkal szemben, \u00e9s a tet\u0151 ereszek t\u00falny\u00fal\u00f3 ter\u00fclet\u00e9nek lez\u00e1r\u00e1s\u00e1ra \u00e9s befejez\u00e9s\u00e9re szolg\u00e1lnak. Egyedi megold\u00e1st&#8230;<\/p>\n","protected":false},"author":2,"featured_media":882,"parent":1695,"menu_order":0,"comment_status":"closed","ping_status":"closed","template":"elementor_header_footer","meta":{"footnotes":""},"class_list":["post-664","page","type-page","status-publish","has-post-thumbnail","hentry"],"_links":{"self":[{"href":"https:\/\/aceldepo.hu\/index.php\/wp-json\/wp\/v2\/pages\/664","targetHints":{"allow":["GET"]}}],"collection":[{"href":"https:\/\/aceldepo.hu\/index.php\/wp-json\/wp\/v2\/pages"}],"about":[{"href":"https:\/\/aceldepo.hu\/index.php\/wp-json\/wp\/v2\/types\/page"}],"author":[{"embeddable":true,"href":"https:\/\/aceldepo.hu\/index.php\/wp-json\/wp\/v2\/users\/2"}],"replies":[{"embeddable":true,"href":"https:\/\/aceldepo.hu\/index.php\/wp-json\/wp\/v2\/comments?post=664"}],"version-history":[{"count":1,"href":"https:\/\/aceldepo.hu\/index.php\/wp-json\/wp\/v2\/pages\/664\/revisions"}],"predecessor-version":[{"id":1715,"href":"https:\/\/aceldepo.hu\/index.php\/wp-json\/wp\/v2\/pages\/664\/revisions\/1715"}],"up":[{"embeddable":true,"href":"https:\/\/aceldepo.hu\/index.php\/wp-json\/wp\/v2\/pages\/1695"}],"wp:featuredmedia":[{"embeddable":true,"href":"https:\/\/aceldepo.hu\/index.php\/wp-json\/wp\/v2\/media\/882"}],"wp:attachment":[{"href":"https:\/\/aceldepo.hu\/index.php\/wp-json\/wp\/v2\/media?parent=664"}],"curies":[{"name":"wp","href":"https:\/\/api.w.org\/{rel}","templated":true}]}}